{"id":28774,"date":"2024-02-03T06:29:14","date_gmt":"2024-02-03T06:29:14","guid":{"rendered":"https:\/\/chilimag.hu\/webshop\/?post_type=product&#038;p=28774"},"modified":"2025-08-26T11:15:59","modified_gmt":"2025-08-26T11:15:59","slug":"paprika-santana-tsw-h-z-s-sl","status":"publish","type":"product","link":"https:\/\/chilimag.hu\/webshop\/termek\/paprika-santana-tsw-h-z-s-sl\/","title":{"rendered":"Paprika Santana TSW Hibrid Z.S SL"},"content":{"rendered":"","protected":false},"excerpt":{"rendered":"<p><img decoding=\"async\" class=\"active-logo\" src=\"https:\/\/b2b.seklos.lt\/themes\/warehouse\/img\/logo_en.png\" alt=\"Agrofirma S\u0117klos, UAB\" width=\"280\" height=\"95\" \/><\/p>\n<p>K\u00f6z\u00e9pkorai, magas hozam\u00fa, betegs\u00e9gekkel szemben ellen\u00e1ll\u00f3 Anaheim chili paprika hibrid. A paprika termeszthet\u0151 f\u0171tetlen \u00fcvegh\u00e1zakban, vagy a szabadban meleg ny\u00e1ron. Gy\u00fcm\u00f6lcsei hossz\u00fak\u00e1sak, \u00e9retten \u00e9l\u00e9nkpirosak, k\u00f6r\u00fclbel\u00fcl 18 cm hossz\u00faak \u00e9s 120\u2013130 g t\u00f6meg\u0171ek. Min\u00e9l \u00e9rettebbek, ann\u00e1l cs\u00edp\u0151sebb \u00edz\u0171ek. A gy\u00fcm\u00f6lcs kapszaicin-tartalma 1000-2000 a Scoville-sk\u00e1l\u00e1n (SHU).<\/p>\n<p>A fajta korai ideje M\u00e9rs\u00e9kelten korai<br \/>\nHermetikus csomagol\u00e1s Igen<br \/>\nMagok sz\u00e1ma a csomagban, db. 10<br \/>\nA pal\u00e1nt\u00e1k vet\u00e9si ideje II-IV, 0,5-1,5cm<br \/>\nT\u00e1vols\u00e1gok, cm IV\u2013VI, 40&#215;30 cm<br \/>\nSz\u00fcret VII-VIII<br \/>\nTerm\u0151f\u00f6ld, \u00fcvegh\u00e1zban<br \/>\nM\u00e1rka \u017dalia stotel\u0117<\/p>\n","protected":false},"featured_media":28775,"comment_status":"closed","ping_status":"closed","template":"","meta":[],"product_brand":[],"product_cat":[414],"product_tag":[],"class_list":{"0":"post-28774","1":"product","2":"type-product","3":"status-publish","4":"has-post-thumbnail","6":"product_cat-paprika-vetomagok-zalia-stotele","8":"first","9":"instock","10":"taxable","11":"shipping-taxable","12":"purchasable","13":"product-type-simple"},"_links":{"self":[{"href":"https:\/\/chilimag.hu\/webshop\/wp-json\/wp\/v2\/product\/28774","targetHints":{"allow":["GET"]}}],"collection":[{"href":"https:\/\/chilimag.hu\/webshop\/wp-json\/wp\/v2\/product"}],"about":[{"href":"https:\/\/chilimag.hu\/webshop\/wp-json\/wp\/v2\/types\/product"}],"replies":[{"embeddable":true,"href":"https:\/\/chilimag.hu\/webshop\/wp-json\/wp\/v2\/comments?post=28774"}],"wp:featuredmedia":[{"embeddable":true,"href":"https:\/\/chilimag.hu\/webshop\/wp-json\/wp\/v2\/media\/28775"}],"wp:attachment":[{"href":"https:\/\/chilimag.hu\/webshop\/wp-json\/wp\/v2\/media?parent=28774"}],"wp:term":[{"taxonomy":"product_brand","embeddable":true,"href":"https:\/\/chilimag.hu\/webshop\/wp-json\/wp\/v2\/product_brand?post=28774"},{"taxonomy":"product_cat","embeddable":true,"href":"https:\/\/chilimag.hu\/webshop\/wp-json\/wp\/v2\/product_cat?post=28774"},{"taxonomy":"product_tag","embeddable":true,"href":"https:\/\/chilimag.hu\/webshop\/wp-json\/wp\/v2\/product_tag?post=28774"}],"curies":[{"name":"wp","href":"https:\/\/api.w.org\/{rel}","templated":true}]}}