{"id":28770,"date":"2024-02-03T06:23:57","date_gmt":"2024-02-03T06:23:57","guid":{"rendered":"https:\/\/chilimag.hu\/webshop\/?post_type=product&#038;p=28770"},"modified":"2026-02-26T07:55:22","modified_gmt":"2026-02-26T07:55:22","slug":"padlizsan-white-knight-z-s-sl","status":"publish","type":"product","link":"https:\/\/chilimag.hu\/webshop\/termek\/padlizsan-white-knight-z-s-sl\/","title":{"rendered":"Padlizs\u00e1n White Knight Hibrid Z.S SL"},"content":{"rendered":"","protected":false},"excerpt":{"rendered":"<p><img decoding=\"async\" class=\"active-logo\" src=\"https:\/\/b2b.seklos.lt\/themes\/warehouse\/img\/logo_en.png\" alt=\"Agrofirma S\u0117klos, UAB\" width=\"280\" height=\"95\" \/><\/p>\n<p>Korai, betegs\u00e9grezisztens hibrid fajta. B\u0151s\u00e9ges term\u00e9s. Gy\u00fcm\u00f6lcse hengeres, kb. 20 cm hossz\u00fa, feh\u00e9r b\u0151r\u0171. H\u00fasa feh\u00e9r \u00e9s kem\u00e9ny, keser\u0171 ut\u00f3\u00edz n\u00e9lk\u00fcl. A n\u00f6v\u00e9nyek kompaktak, kb. 75 cm magas, dekorat\u00edv, cserepes termeszt\u00e9sre alkalmas erk\u00e9lyen vagy \u00fcvegh\u00e1zban. Alkalmas s\u00fct\u00e9sre, p\u00e1rol\u00e1sra \u00e9s tart\u00f3s\u00edt\u00e1sra.<\/p>\n<p>A fajta korai ideje Korai<br \/>\nHermetikus csomagol\u00e1s Igen<br \/>\nMagok sz\u00e1ma a csomagban, db. 10<br \/>\nA pal\u00e1nt\u00e1k vet\u00e9si ideje II-III,1-1,5 cm<br \/>\nT\u00e1vols\u00e1gok, cm V-VI, 75&#215;40-50 cm<br \/>\nSz\u00fcret VII-IX<br \/>\nTermeszt\u00e9si hely \u00dcvegh\u00e1zban<br \/>\nM\u00e1rka \u017dalia stotel\u0117<\/p>\n","protected":false},"featured_media":28771,"comment_status":"closed","ping_status":"closed","template":"","meta":[],"product_brand":[],"product_cat":[411],"product_tag":[],"class_list":{"0":"post-28770","1":"product","2":"type-product","3":"status-publish","4":"has-post-thumbnail","6":"product_cat-uborka-es-padlizsan-vetomagok-zalia-stotele","8":"first","9":"instock","10":"taxable","11":"shipping-taxable","12":"purchasable","13":"product-type-simple"},"_links":{"self":[{"href":"https:\/\/chilimag.hu\/webshop\/wp-json\/wp\/v2\/product\/28770","targetHints":{"allow":["GET"]}}],"collection":[{"href":"https:\/\/chilimag.hu\/webshop\/wp-json\/wp\/v2\/product"}],"about":[{"href":"https:\/\/chilimag.hu\/webshop\/wp-json\/wp\/v2\/types\/product"}],"replies":[{"embeddable":true,"href":"https:\/\/chilimag.hu\/webshop\/wp-json\/wp\/v2\/comments?post=28770"}],"wp:featuredmedia":[{"embeddable":true,"href":"https:\/\/chilimag.hu\/webshop\/wp-json\/wp\/v2\/media\/28771"}],"wp:attachment":[{"href":"https:\/\/chilimag.hu\/webshop\/wp-json\/wp\/v2\/media?parent=28770"}],"wp:term":[{"taxonomy":"product_brand","embeddable":true,"href":"https:\/\/chilimag.hu\/webshop\/wp-json\/wp\/v2\/product_brand?post=28770"},{"taxonomy":"product_cat","embeddable":true,"href":"https:\/\/chilimag.hu\/webshop\/wp-json\/wp\/v2\/product_cat?post=28770"},{"taxonomy":"product_tag","embeddable":true,"href":"https:\/\/chilimag.hu\/webshop\/wp-json\/wp\/v2\/product_tag?post=28770"}],"curies":[{"name":"wp","href":"https:\/\/api.w.org\/{rel}","templated":true}]}}