{"id":28765,"date":"2024-02-03T06:14:57","date_gmt":"2024-02-03T06:14:57","guid":{"rendered":"https:\/\/chilimag.hu\/webshop\/?post_type=product&#038;p=28765"},"modified":"2025-04-25T08:36:52","modified_gmt":"2025-04-25T08:36:52","slug":"kerti-szerszamos-ovtaska-gt04","status":"publish","type":"product","link":"https:\/\/chilimag.hu\/webshop\/termek\/kerti-szerszamos-ovtaska-gt04\/","title":{"rendered":"Kerti szersz\u00e1mos \u00f6vt\u00e1ska GT04"},"content":{"rendered":"","protected":false},"excerpt":{"rendered":"<p>A t\u00e1sk\u00e1t szersz\u00e1mok n\u00e9lk\u00fcl sz\u00e1ll\u00edtjuk<br \/>\nKerti divatos \u00f6nt\u00e1ska, z\u00f6ld barna szinten, h\u00edmz\u00e9ssel<br \/>\nM\u00e9retei magass\u00e1ga 34 cm, sz\u00e9less\u00e9ge 35 cm,<\/p>\n","protected":false},"featured_media":28766,"comment_status":"closed","ping_status":"closed","template":"","meta":[],"product_brand":[],"product_cat":[448],"product_tag":[],"class_list":{"0":"post-28765","1":"product","2":"type-product","3":"status-publish","4":"has-post-thumbnail","6":"product_cat-kerti-ruhazat-es-kiegeszitok","8":"first","9":"instock","10":"taxable","11":"shipping-taxable","12":"purchasable","13":"product-type-simple"},"_links":{"self":[{"href":"https:\/\/chilimag.hu\/webshop\/wp-json\/wp\/v2\/product\/28765","targetHints":{"allow":["GET"]}}],"collection":[{"href":"https:\/\/chilimag.hu\/webshop\/wp-json\/wp\/v2\/product"}],"about":[{"href":"https:\/\/chilimag.hu\/webshop\/wp-json\/wp\/v2\/types\/product"}],"replies":[{"embeddable":true,"href":"https:\/\/chilimag.hu\/webshop\/wp-json\/wp\/v2\/comments?post=28765"}],"wp:featuredmedia":[{"embeddable":true,"href":"https:\/\/chilimag.hu\/webshop\/wp-json\/wp\/v2\/media\/28766"}],"wp:attachment":[{"href":"https:\/\/chilimag.hu\/webshop\/wp-json\/wp\/v2\/media?parent=28765"}],"wp:term":[{"taxonomy":"product_brand","embeddable":true,"href":"https:\/\/chilimag.hu\/webshop\/wp-json\/wp\/v2\/product_brand?post=28765"},{"taxonomy":"product_cat","embeddable":true,"href":"https:\/\/chilimag.hu\/webshop\/wp-json\/wp\/v2\/product_cat?post=28765"},{"taxonomy":"product_tag","embeddable":true,"href":"https:\/\/chilimag.hu\/webshop\/wp-json\/wp\/v2\/product_tag?post=28765"}],"curies":[{"name":"wp","href":"https:\/\/api.w.org\/{rel}","templated":true}]}}