{"id":28760,"date":"2024-02-03T06:09:05","date_gmt":"2024-02-03T06:09:05","guid":{"rendered":"https:\/\/chilimag.hu\/webshop\/?post_type=product&#038;p=28760"},"modified":"2026-02-11T07:02:10","modified_gmt":"2026-02-11T07:02:10","slug":"bab-delinel-agr-sl","status":"publish","type":"product","link":"https:\/\/chilimag.hu\/webshop\/termek\/bab-delinel-agr-sl\/","title":{"rendered":"Bab Delinel AGR SL"},"content":{"rendered":"","protected":false},"excerpt":{"rendered":"<p><img decoding=\"async\" class=\"logo\" src=\"https:\/\/b2b.seklos.lt\/themes\/warehouse\/img\/logo_en.png\" alt=\"Agrofirma S\u0117klos, UAB\" \/><\/p>\n<p>DELINEL franciabab<br \/>\nK\u00f6z\u00e9pkorai, nagy hozam\u00fa franciabab fajta. A n\u00f6v\u00e9nyek 40-50 cm magasak. A h\u00fcvelyek z\u00f6ldek, kerekek, 12-15 cm hossz\u00faak. A legjobban k\u00f6nny\u0171 vagy k\u00f6zepesen neh\u00e9z, sz\u00e9lv\u00e9dett, meleg talajban n\u0151.<\/p>\n<p>Kiszerel\u00e9s egy csomagban 8 g<br \/>\nMagok sz\u00e1ma grammonk\u00e9nt 3-5<br \/>\nVet\u00e9sid\u0151 a talajban V\u2013VI, 4 cm<br \/>\nT\u00e1vols\u00e1gok, cm 40 x 8 cm<br \/>\nSz\u00fcret VII\u2013IX<br \/>\nAgronom m\u00e1rka<\/p>\n","protected":false},"featured_media":28761,"comment_status":"closed","ping_status":"closed","template":"","meta":[],"product_brand":[],"product_cat":[399],"product_tag":[],"class_list":{"0":"post-28760","1":"product","2":"type-product","3":"status-publish","4":"has-post-thumbnail","6":"product_cat-huvelyesek-vetomagok-agronom","8":"first","9":"instock","10":"taxable","11":"shipping-taxable","12":"purchasable","13":"product-type-simple"},"_links":{"self":[{"href":"https:\/\/chilimag.hu\/webshop\/wp-json\/wp\/v2\/product\/28760","targetHints":{"allow":["GET"]}}],"collection":[{"href":"https:\/\/chilimag.hu\/webshop\/wp-json\/wp\/v2\/product"}],"about":[{"href":"https:\/\/chilimag.hu\/webshop\/wp-json\/wp\/v2\/types\/product"}],"replies":[{"embeddable":true,"href":"https:\/\/chilimag.hu\/webshop\/wp-json\/wp\/v2\/comments?post=28760"}],"wp:featuredmedia":[{"embeddable":true,"href":"https:\/\/chilimag.hu\/webshop\/wp-json\/wp\/v2\/media\/28761"}],"wp:attachment":[{"href":"https:\/\/chilimag.hu\/webshop\/wp-json\/wp\/v2\/media?parent=28760"}],"wp:term":[{"taxonomy":"product_brand","embeddable":true,"href":"https:\/\/chilimag.hu\/webshop\/wp-json\/wp\/v2\/product_brand?post=28760"},{"taxonomy":"product_cat","embeddable":true,"href":"https:\/\/chilimag.hu\/webshop\/wp-json\/wp\/v2\/product_cat?post=28760"},{"taxonomy":"product_tag","embeddable":true,"href":"https:\/\/chilimag.hu\/webshop\/wp-json\/wp\/v2\/product_tag?post=28760"}],"curies":[{"name":"wp","href":"https:\/\/api.w.org\/{rel}","templated":true}]}}