{"id":28758,"date":"2024-02-03T06:04:48","date_gmt":"2024-02-03T06:04:48","guid":{"rendered":"https:\/\/chilimag.hu\/webshop\/?post_type=product&#038;p=28758"},"modified":"2026-01-14T18:02:16","modified_gmt":"2026-01-14T18:02:16","slug":"bab-coco-nain-rose-deyragues-sgr-sl","status":"publish","type":"product","link":"https:\/\/chilimag.hu\/webshop\/termek\/bab-coco-nain-rose-deyragues-sgr-sl\/","title":{"rendered":"Bab Coco Nain Rose D&#8217;eyragues SGR SL"},"content":{"rendered":"","protected":false},"excerpt":{"rendered":"<p><img decoding=\"async\" class=\"logo\" src=\"https:\/\/b2b.seklos.lt\/themes\/warehouse\/img\/logo_en.png\" alt=\"Agrofirma S\u0117klos, UAB\" \/><\/p>\n<p>COCO NAIN ROSE D&#8217;EYRAGUE<br \/>\nK\u00f6z\u00e9pkorai, nagy hozam\u00fa h\u00e9jas babfajta. A h\u00fcvelyek s\u00e1rg\u00e1s sz\u00edn\u0171ek, v\u00f6r\u00f6s cs\u00edkokkal, nagyok. A magvak friss feh\u00e9rek, pirosak, vagy s\u00e1rg\u00e1s bord\u00f3 cs\u00edkokkal sz\u00e1r\u00edtva. Friss fogyaszt\u00e1sra, s\u00fct\u00e9sre, f\u0151z\u00e9sre, bef\u0151z\u00e9sre.<\/p>\n<p>Kiszerel\u00e9s egy csomagban 8 g<br \/>\nMagok sz\u00e1ma grammonk\u00e9nt 1-3<br \/>\nVet\u00e9sid\u0151 a talajban V\u2013VI, 4 cm<br \/>\nT\u00e1vols\u00e1gok, cm 40 x 10 cm<br \/>\nSz\u00fcret VII\u2013IX<br \/>\nAgronom m\u00e1rka<\/p>\n","protected":false},"featured_media":28759,"comment_status":"closed","ping_status":"closed","template":"","meta":[],"product_brand":[],"product_cat":[399],"product_tag":[],"class_list":{"0":"post-28758","1":"product","2":"type-product","3":"status-publish","4":"has-post-thumbnail","6":"product_cat-huvelyesek-vetomagok-agronom","8":"first","9":"instock","10":"taxable","11":"shipping-taxable","12":"purchasable","13":"product-type-simple"},"_links":{"self":[{"href":"https:\/\/chilimag.hu\/webshop\/wp-json\/wp\/v2\/product\/28758","targetHints":{"allow":["GET"]}}],"collection":[{"href":"https:\/\/chilimag.hu\/webshop\/wp-json\/wp\/v2\/product"}],"about":[{"href":"https:\/\/chilimag.hu\/webshop\/wp-json\/wp\/v2\/types\/product"}],"replies":[{"embeddable":true,"href":"https:\/\/chilimag.hu\/webshop\/wp-json\/wp\/v2\/comments?post=28758"}],"wp:featuredmedia":[{"embeddable":true,"href":"https:\/\/chilimag.hu\/webshop\/wp-json\/wp\/v2\/media\/28759"}],"wp:attachment":[{"href":"https:\/\/chilimag.hu\/webshop\/wp-json\/wp\/v2\/media?parent=28758"}],"wp:term":[{"taxonomy":"product_brand","embeddable":true,"href":"https:\/\/chilimag.hu\/webshop\/wp-json\/wp\/v2\/product_brand?post=28758"},{"taxonomy":"product_cat","embeddable":true,"href":"https:\/\/chilimag.hu\/webshop\/wp-json\/wp\/v2\/product_cat?post=28758"},{"taxonomy":"product_tag","embeddable":true,"href":"https:\/\/chilimag.hu\/webshop\/wp-json\/wp\/v2\/product_tag?post=28758"}],"curies":[{"name":"wp","href":"https:\/\/api.w.org\/{rel}","templated":true}]}}