{"id":28755,"date":"2024-02-03T05:56:25","date_gmt":"2024-02-03T05:56:25","guid":{"rendered":"https:\/\/chilimag.hu\/webshop\/?post_type=product&#038;p=28755"},"modified":"2025-08-20T12:27:30","modified_gmt":"2025-08-20T12:27:30","slug":"tok-connecticut-field-agr-sl","status":"publish","type":"product","link":"https:\/\/chilimag.hu\/webshop\/termek\/tok-connecticut-field-agr-sl\/","title":{"rendered":"S\u00fct\u0151t\u00f6k Connecticut Field AGR SL"},"content":{"rendered":"","protected":false},"excerpt":{"rendered":"<p><img decoding=\"async\" class=\"logo\" src=\"https:\/\/b2b.seklos.lt\/themes\/warehouse\/img\/logo_en.png\" alt=\"Agrofirma S\u0117klos, UAB\" \/><\/p>\n<p>T\u00d6K CONNECTICUT Mezei s\u00fct\u0151t\u00f6k<br \/>\nK\u00f6z\u00e9pkorai, magas hozam\u00fa fajta. A veget\u00e1ci\u00f3s id\u0151szak a vet\u00e9st\u0151l sz\u00e1m\u00edtott 100-110 nap. Gy\u00fcm\u00f6lcse kerek, enyh\u00e9n lap\u00edtott, 7-10 kg-ra n\u0151, narancss\u00e1rga h\u00e9j\u00fa. A h\u00fas m\u00e9lys\u00e1rga \u00e9s \u00e9des.<\/p>\n<p>Mennyis\u00e9g egy csomagban 1,5g<br \/>\nMagok sz\u00e1ma grammonk\u00e9nt 3-8<br \/>\nVet\u00e9sid\u0151 a talajban V-VI 4 cm<br \/>\nA pal\u00e1nt\u00e1k vet\u00e9si ideje IV, 4 cm<br \/>\nT\u00e1vols\u00e1gok, cm V-VI 100&#215;100 cm<br \/>\nSz\u00fcret VIII-IX<br \/>\nAgronom m\u00e1rka<\/p>\n<p>A csomag 1,5 gr magot tartalmaz<\/p>\n","protected":false},"featured_media":28756,"comment_status":"closed","ping_status":"closed","template":"","meta":[],"product_brand":[],"product_cat":[395],"product_tag":[],"class_list":{"0":"post-28755","1":"product","2":"type-product","3":"status-publish","4":"has-post-thumbnail","6":"product_cat-dinnye-es-tok-vetomagok","8":"first","9":"instock","10":"taxable","11":"shipping-taxable","12":"purchasable","13":"product-type-simple"},"_links":{"self":[{"href":"https:\/\/chilimag.hu\/webshop\/wp-json\/wp\/v2\/product\/28755","targetHints":{"allow":["GET"]}}],"collection":[{"href":"https:\/\/chilimag.hu\/webshop\/wp-json\/wp\/v2\/product"}],"about":[{"href":"https:\/\/chilimag.hu\/webshop\/wp-json\/wp\/v2\/types\/product"}],"replies":[{"embeddable":true,"href":"https:\/\/chilimag.hu\/webshop\/wp-json\/wp\/v2\/comments?post=28755"}],"wp:featuredmedia":[{"embeddable":true,"href":"https:\/\/chilimag.hu\/webshop\/wp-json\/wp\/v2\/media\/28756"}],"wp:attachment":[{"href":"https:\/\/chilimag.hu\/webshop\/wp-json\/wp\/v2\/media?parent=28755"}],"wp:term":[{"taxonomy":"product_brand","embeddable":true,"href":"https:\/\/chilimag.hu\/webshop\/wp-json\/wp\/v2\/product_brand?post=28755"},{"taxonomy":"product_cat","embeddable":true,"href":"https:\/\/chilimag.hu\/webshop\/wp-json\/wp\/v2\/product_cat?post=28755"},{"taxonomy":"product_tag","embeddable":true,"href":"https:\/\/chilimag.hu\/webshop\/wp-json\/wp\/v2\/product_tag?post=28755"}],"curies":[{"name":"wp","href":"https:\/\/api.w.org\/{rel}","templated":true}]}}