{"id":28751,"date":"2024-02-03T05:46:21","date_gmt":"2024-02-03T05:46:21","guid":{"rendered":"https:\/\/chilimag.hu\/webshop\/?post_type=product&#038;p=28751"},"modified":"2026-04-29T18:13:59","modified_gmt":"2026-04-29T18:13:59","slug":"leveles-kel-kadet-agr-sl","status":"publish","type":"product","link":"https:\/\/chilimag.hu\/webshop\/termek\/leveles-kel-kadet-agr-sl\/","title":{"rendered":"Fodros kel Kadet AGR SL"},"content":{"rendered":"","protected":false},"excerpt":{"rendered":"<p><img decoding=\"async\" class=\"\" src=\"https:\/\/b2b.seklos.lt\/img\/m\/79-medium_default.jpg\" alt=\"\" width=\"151\" height=\"151\" \/><\/p>\n<h3>Term\u00e9kle\u00edr\u00e1s<\/h3>\n<p>K\u00f6nnyen termeszthet\u0151. A leveleket frissen, f\u0151zve \u00e9s p\u00e1rolva fogyasztj\u00e1k. Vitaminokban \u00e9s \u00e1sv\u00e1nyi anyagokban gazdag. Fagy ut\u00e1n a levelek enyhe, fagyos \u00edzt kapnak. A n\u00f6v\u00e9nyek decemberig a szabadban hagyhat\u00f3k.<\/p>\n<p>Mennyis\u00e9g kiszerel\u00e9sben 0,5g<br \/>\nMagok sz\u00e1ma grammonk\u00e9nt 260-310<br \/>\nA pal\u00e1nt\u00e1k vet\u00e9si ideje III-IV, 1,5 cm<br \/>\nT\u00e1vols\u00e1gok, cm IV-V, 60&#215;80 cm<br \/>\nSz\u00fcret VI-XII<br \/>\nAgronom m\u00e1rka<\/p>\n","protected":false},"featured_media":28752,"comment_status":"closed","ping_status":"closed","template":"","meta":[],"product_brand":[],"product_cat":[400],"product_tag":[],"class_list":{"0":"post-28751","1":"product","2":"type-product","3":"status-publish","4":"has-post-thumbnail","6":"product_cat-kaposzta-es-karfiol-vetomagok-agronom","8":"first","9":"instock","10":"taxable","11":"shipping-taxable","12":"purchasable","13":"product-type-simple"},"_links":{"self":[{"href":"https:\/\/chilimag.hu\/webshop\/wp-json\/wp\/v2\/product\/28751","targetHints":{"allow":["GET"]}}],"collection":[{"href":"https:\/\/chilimag.hu\/webshop\/wp-json\/wp\/v2\/product"}],"about":[{"href":"https:\/\/chilimag.hu\/webshop\/wp-json\/wp\/v2\/types\/product"}],"replies":[{"embeddable":true,"href":"https:\/\/chilimag.hu\/webshop\/wp-json\/wp\/v2\/comments?post=28751"}],"wp:featuredmedia":[{"embeddable":true,"href":"https:\/\/chilimag.hu\/webshop\/wp-json\/wp\/v2\/media\/28752"}],"wp:attachment":[{"href":"https:\/\/chilimag.hu\/webshop\/wp-json\/wp\/v2\/media?parent=28751"}],"wp:term":[{"taxonomy":"product_brand","embeddable":true,"href":"https:\/\/chilimag.hu\/webshop\/wp-json\/wp\/v2\/product_brand?post=28751"},{"taxonomy":"product_cat","embeddable":true,"href":"https:\/\/chilimag.hu\/webshop\/wp-json\/wp\/v2\/product_cat?post=28751"},{"taxonomy":"product_tag","embeddable":true,"href":"https:\/\/chilimag.hu\/webshop\/wp-json\/wp\/v2\/product_tag?post=28751"}],"curies":[{"name":"wp","href":"https:\/\/api.w.org\/{rel}","templated":true}]}}