{"id":28743,"date":"2024-02-02T21:03:06","date_gmt":"2024-02-02T21:03:06","guid":{"rendered":"https:\/\/chilimag.hu\/webshop\/?post_type=product&#038;p=28743"},"modified":"2026-04-19T09:42:12","modified_gmt":"2026-04-19T09:42:12","slug":"cukkini-golden-ball-z-s-sl","status":"publish","type":"product","link":"https:\/\/chilimag.hu\/webshop\/termek\/cukkini-golden-ball-z-s-sl\/","title":{"rendered":"Cukkini Golden Ball Hibrid Z.S SL"},"content":{"rendered":"","protected":false},"excerpt":{"rendered":"<p><img decoding=\"async\" class=\"active-logo\" src=\"https:\/\/b2b.seklos.lt\/themes\/warehouse\/img\/logo_en.png\" alt=\"Agrofirma S\u0117klos, UAB\" width=\"280\" height=\"95\" \/><\/p>\n<p>K\u00f6z\u00e9pkorai, nagy hozam\u00fa, bokor t\u00edpus\u00fa hibrid fajta. A gy\u00fcm\u00f6lcs\u00f6k kerekek, f\u00e9nyes s\u00e1rga h\u00e9j\u00faak. A gy\u00fcm\u00f6lcs\u00f6k akkor a legfinomabbak, ha nincsenek ben\u0151ve \u2013 kb. 5-8 cm \u00e1tm\u00e9r\u0151j\u0171. A gy\u00fcm\u00f6lcs\u00f6k alkalmasak bef\u0151z\u00e9sre, s\u00fct\u00e9sre, p\u00e1rol\u00e1sra, t\u00f6ltel\u00e9kre. A kor\u00e1bbi betakar\u00edt\u00e1s \u00e9rdek\u00e9ben aj\u00e1nlott pal\u00e1nt\u00e1kat termeszteni. A pal\u00e1nt\u00e1kat a fagyvesz\u00e9ly elm\u00falt\u00e1val kell a talajba \u00fcltetni. Term\u00e9keny talajban, napos, sz\u00e9lt\u0151l v\u00e9dett helyen fejl\u0151dik a legjobban.<\/p>\n<p>A fajta korai ideje M\u00e9rs\u00e9kelten korai<br \/>\nEgy csomagban l\u00e9v\u0151 mennyis\u00e9g 1 g<br \/>\nMagok sz\u00e1ma grammonk\u00e9nt 6-8<br \/>\nVet\u00e9sid\u0151 a talajban V-VI, 3-4cm<br \/>\nA pal\u00e1nt\u00e1k vet\u00e9si ideje IV, 3-4 cm<br \/>\nT\u00e1vols\u00e1gok, cm V-VI,100&#215;40 cm<br \/>\nSz\u00fcret VI-VIII<br \/>\nTerm\u0151f\u00f6ld<br \/>\nM\u00e1rka \u017dalia stotel\u0117<\/p>\n","protected":false},"featured_media":28744,"comment_status":"closed","ping_status":"closed","template":"","meta":[],"product_brand":[],"product_cat":[420],"product_tag":[],"class_list":{"0":"post-28743","1":"product","2":"type-product","3":"status-publish","4":"has-post-thumbnail","6":"product_cat-dinnye-es-tok-vetomagok-zalia-stotele","8":"first","9":"instock","10":"taxable","11":"shipping-taxable","12":"purchasable","13":"product-type-simple"},"_links":{"self":[{"href":"https:\/\/chilimag.hu\/webshop\/wp-json\/wp\/v2\/product\/28743","targetHints":{"allow":["GET"]}}],"collection":[{"href":"https:\/\/chilimag.hu\/webshop\/wp-json\/wp\/v2\/product"}],"about":[{"href":"https:\/\/chilimag.hu\/webshop\/wp-json\/wp\/v2\/types\/product"}],"replies":[{"embeddable":true,"href":"https:\/\/chilimag.hu\/webshop\/wp-json\/wp\/v2\/comments?post=28743"}],"wp:featuredmedia":[{"embeddable":true,"href":"https:\/\/chilimag.hu\/webshop\/wp-json\/wp\/v2\/media\/28744"}],"wp:attachment":[{"href":"https:\/\/chilimag.hu\/webshop\/wp-json\/wp\/v2\/media?parent=28743"}],"wp:term":[{"taxonomy":"product_brand","embeddable":true,"href":"https:\/\/chilimag.hu\/webshop\/wp-json\/wp\/v2\/product_brand?post=28743"},{"taxonomy":"product_cat","embeddable":true,"href":"https:\/\/chilimag.hu\/webshop\/wp-json\/wp\/v2\/product_cat?post=28743"},{"taxonomy":"product_tag","embeddable":true,"href":"https:\/\/chilimag.hu\/webshop\/wp-json\/wp\/v2\/product_tag?post=28743"}],"curies":[{"name":"wp","href":"https:\/\/api.w.org\/{rel}","templated":true}]}}