{"id":28741,"date":"2024-02-02T20:09:14","date_gmt":"2024-02-02T20:09:14","guid":{"rendered":"https:\/\/chilimag.hu\/webshop\/?post_type=product&#038;p=28741"},"modified":"2024-02-02T20:09:14","modified_gmt":"2024-02-02T20:09:14","slug":"lapos-kosar-mw45","status":"publish","type":"product","link":"https:\/\/chilimag.hu\/webshop\/termek\/lapos-kosar-mw45\/","title":{"rendered":"Lapos kos\u00e1r (MW45)"},"content":{"rendered":"","protected":false},"excerpt":{"rendered":"<p>Fonott lapos kos\u00e1r sz\u00fcrke sz\u00ednben. Seg\u00edts\u00e9g a vir\u00e1gok \u00f6sszegy\u0171jt\u00e9s\u00e9ben \u00e9s\u00a0sz\u00e9p kieg\u00e9sz\u00edt\u0151\u00a0is a lak\u00e1sban.<\/p>\n<p>M\u00e9rete: magass\u00e1g:\u00a024 cm, sz\u00e9less\u00e9g:\u00a053 cm, m\u00e9lys\u00e9g: 27 cm<\/p>\n","protected":false},"featured_media":28742,"comment_status":"closed","ping_status":"closed","template":"","meta":[],"product_brand":[],"product_cat":[342],"product_tag":[],"class_list":{"0":"post-28741","1":"product","2":"type-product","3":"status-publish","4":"has-post-thumbnail","6":"product_cat-egyeb-kerti-termekek","8":"first","9":"instock","10":"taxable","11":"shipping-taxable","12":"purchasable","13":"product-type-simple"},"_links":{"self":[{"href":"https:\/\/chilimag.hu\/webshop\/wp-json\/wp\/v2\/product\/28741","targetHints":{"allow":["GET"]}}],"collection":[{"href":"https:\/\/chilimag.hu\/webshop\/wp-json\/wp\/v2\/product"}],"about":[{"href":"https:\/\/chilimag.hu\/webshop\/wp-json\/wp\/v2\/types\/product"}],"replies":[{"embeddable":true,"href":"https:\/\/chilimag.hu\/webshop\/wp-json\/wp\/v2\/comments?post=28741"}],"wp:featuredmedia":[{"embeddable":true,"href":"https:\/\/chilimag.hu\/webshop\/wp-json\/wp\/v2\/media\/28742"}],"wp:attachment":[{"href":"https:\/\/chilimag.hu\/webshop\/wp-json\/wp\/v2\/media?parent=28741"}],"wp:term":[{"taxonomy":"product_brand","embeddable":true,"href":"https:\/\/chilimag.hu\/webshop\/wp-json\/wp\/v2\/product_brand?post=28741"},{"taxonomy":"product_cat","embeddable":true,"href":"https:\/\/chilimag.hu\/webshop\/wp-json\/wp\/v2\/product_cat?post=28741"},{"taxonomy":"product_tag","embeddable":true,"href":"https:\/\/chilimag.hu\/webshop\/wp-json\/wp\/v2\/product_tag?post=28741"}],"curies":[{"name":"wp","href":"https:\/\/api.w.org\/{rel}","templated":true}]}}