{"id":28735,"date":"2024-02-02T19:37:04","date_gmt":"2024-02-02T19:37:04","guid":{"rendered":"https:\/\/chilimag.hu\/webshop\/?post_type=product&#038;p=28735"},"modified":"2026-03-19T04:38:30","modified_gmt":"2026-03-19T04:38:30","slug":"hamvaska-candicans-agr-sl","status":"publish","type":"product","link":"https:\/\/chilimag.hu\/webshop\/termek\/hamvaska-candicans-agr-sl\/","title":{"rendered":"Hamvaska Candicans AGR SL"},"content":{"rendered":"","protected":false},"excerpt":{"rendered":"<p><img decoding=\"async\" class=\"active-logo\" src=\"https:\/\/b2b.seklos.lt\/themes\/warehouse\/img\/logo_en.png\" alt=\"Agrofirma S\u0117klos, UAB\" width=\"280\" height=\"95\" \/><\/p>\n<p>K\u00e9t\u00e9ves vir\u00e1gok, egyny\u00e1ri vir\u00e1gk\u00e9nt termesztik. \u00dcltet\u0151ben, cser\u00e9pben termesztik, temet\u0151kbe j\u00f3, f\u00e9nyes vir\u00e1gokkal kombin\u00e1lva. Sz\u00fcrke leveleik az els\u0151 fagy ut\u00e1n is dekorat\u00edvak maradnak.<\/p>\n<p>Hermetikus csomagol\u00e1s Igen<br \/>\nMennyis\u00e9g egy csomagban 0,1 g<br \/>\nMagok sz\u00e1ma grammonk\u00e9nt 1750-1900<br \/>\nVet\u00e9sid\u0151 a talajban III-IV, 1 \u0441m<br \/>\nVir\u00e1gz\u00e1si id\u0151, magass\u00e1g VI\u2013XI., 25\u201335 cm<br \/>\nAgronom m\u00e1rka<\/p>\n","protected":false},"featured_media":28736,"comment_status":"closed","ping_status":"closed","template":"","meta":[],"product_brand":[],"product_cat":[405],"product_tag":[],"class_list":{"0":"post-28735","1":"product","2":"type-product","3":"status-publish","4":"has-post-thumbnail","6":"product_cat-virag-vetomagok-agronom","8":"first","9":"instock","10":"taxable","11":"shipping-taxable","12":"purchasable","13":"product-type-simple"},"_links":{"self":[{"href":"https:\/\/chilimag.hu\/webshop\/wp-json\/wp\/v2\/product\/28735","targetHints":{"allow":["GET"]}}],"collection":[{"href":"https:\/\/chilimag.hu\/webshop\/wp-json\/wp\/v2\/product"}],"about":[{"href":"https:\/\/chilimag.hu\/webshop\/wp-json\/wp\/v2\/types\/product"}],"replies":[{"embeddable":true,"href":"https:\/\/chilimag.hu\/webshop\/wp-json\/wp\/v2\/comments?post=28735"}],"wp:featuredmedia":[{"embeddable":true,"href":"https:\/\/chilimag.hu\/webshop\/wp-json\/wp\/v2\/media\/28736"}],"wp:attachment":[{"href":"https:\/\/chilimag.hu\/webshop\/wp-json\/wp\/v2\/media?parent=28735"}],"wp:term":[{"taxonomy":"product_brand","embeddable":true,"href":"https:\/\/chilimag.hu\/webshop\/wp-json\/wp\/v2\/product_brand?post=28735"},{"taxonomy":"product_cat","embeddable":true,"href":"https:\/\/chilimag.hu\/webshop\/wp-json\/wp\/v2\/product_cat?post=28735"},{"taxonomy":"product_tag","embeddable":true,"href":"https:\/\/chilimag.hu\/webshop\/wp-json\/wp\/v2\/product_tag?post=28735"}],"curies":[{"name":"wp","href":"https:\/\/api.w.org\/{rel}","templated":true}]}}