{"id":28733,"date":"2024-02-02T19:03:33","date_gmt":"2024-02-02T19:03:33","guid":{"rendered":"https:\/\/chilimag.hu\/webshop\/?post_type=product&#038;p=28733"},"modified":"2026-02-01T15:03:38","modified_gmt":"2026-02-01T15:03:38","slug":"szerszamos-taska-gt89","status":"publish","type":"product","link":"https:\/\/chilimag.hu\/webshop\/termek\/szerszamos-taska-gt89\/","title":{"rendered":"Szersz\u00e1mos t\u00e1ska (GT89)"},"content":{"rendered":"","protected":false},"excerpt":{"rendered":"<p>Kerti szersz\u00e1mos t\u00e1ska, k\u00f6r alak\u00fa, divatos z\u00f6ld-sz\u00fcrke sz\u00ednben, h\u00edmz\u00e9ssel.<br \/>\nA t\u00e1sk\u00e1t szersz\u00e1mok n\u00e9lk\u00fcl sz\u00e1ll\u00edtjuk.<\/p>\n<p>M\u00e9rete: a t\u00e1ska magass\u00e1ga: 26 cm, teljes magass\u00e1g: 42 cm, \u00e1tm\u00e9r\u00f5: 27 cm<\/p>\n","protected":false},"featured_media":28734,"comment_status":"closed","ping_status":"closed","template":"","meta":[],"product_brand":[],"product_cat":[448],"product_tag":[],"class_list":{"0":"post-28733","1":"product","2":"type-product","3":"status-publish","4":"has-post-thumbnail","6":"product_cat-kerti-ruhazat-es-kiegeszitok","8":"first","9":"instock","10":"taxable","11":"shipping-taxable","12":"purchasable","13":"product-type-simple"},"_links":{"self":[{"href":"https:\/\/chilimag.hu\/webshop\/wp-json\/wp\/v2\/product\/28733","targetHints":{"allow":["GET"]}}],"collection":[{"href":"https:\/\/chilimag.hu\/webshop\/wp-json\/wp\/v2\/product"}],"about":[{"href":"https:\/\/chilimag.hu\/webshop\/wp-json\/wp\/v2\/types\/product"}],"replies":[{"embeddable":true,"href":"https:\/\/chilimag.hu\/webshop\/wp-json\/wp\/v2\/comments?post=28733"}],"wp:featuredmedia":[{"embeddable":true,"href":"https:\/\/chilimag.hu\/webshop\/wp-json\/wp\/v2\/media\/28734"}],"wp:attachment":[{"href":"https:\/\/chilimag.hu\/webshop\/wp-json\/wp\/v2\/media?parent=28733"}],"wp:term":[{"taxonomy":"product_brand","embeddable":true,"href":"https:\/\/chilimag.hu\/webshop\/wp-json\/wp\/v2\/product_brand?post=28733"},{"taxonomy":"product_cat","embeddable":true,"href":"https:\/\/chilimag.hu\/webshop\/wp-json\/wp\/v2\/product_cat?post=28733"},{"taxonomy":"product_tag","embeddable":true,"href":"https:\/\/chilimag.hu\/webshop\/wp-json\/wp\/v2\/product_tag?post=28733"}],"curies":[{"name":"wp","href":"https:\/\/api.w.org\/{rel}","templated":true}]}}