{"id":28718,"date":"2024-02-02T18:07:38","date_gmt":"2024-02-02T18:07:38","guid":{"rendered":"https:\/\/chilimag.hu\/webshop\/?post_type=product&#038;p=28718"},"modified":"2026-03-16T16:16:01","modified_gmt":"2026-03-16T16:16:01","slug":"kukorica-zlota-karlowa-agr-sl","status":"publish","type":"product","link":"https:\/\/chilimag.hu\/webshop\/termek\/kukorica-zlota-karlowa-agr-sl\/","title":{"rendered":"Kukorica Z\u0141OTA KAR\u0141OWA AGR SL"},"content":{"rendered":"","protected":false},"excerpt":{"rendered":"<p><img decoding=\"async\" class=\"active-logo\" src=\"https:\/\/b2b.seklos.lt\/themes\/warehouse\/img\/logo_en.png\" alt=\"Agrofirma S\u0117klos, UAB\" width=\"280\" height=\"95\" \/><\/p>\n<p>Korai, t\u00f6rpe, csemegekukorica fajta. Veget\u00e1ci\u00f3s id\u0151szak &#8211; 90 nap. Meleg (+8-10 \u00b0C) talajba vetve vagy pal\u00e1ntak\u00e9nt \u00fcltetve. A n\u00f6v\u00e9nyek el\u00e1gaz\u00f3ak, 70-90 cm magasak. A gubacs 8-12 cm hossz\u00fa, \u00e9des. A kukorica fogyaszthat\u00f3 frissen, f\u0151zve, p\u00f6rk\u00f6lve, bef\u0151zve, fagyasztva<\/p>\n<p>Magok sz\u00e1ma grammonk\u00e9nt 5-6<br \/>\nVet\u00e9sid\u0151 a talajban IV, 2,5-4 cm<br \/>\nSz\u00fcret VII-VIII<br \/>\nAgronom m\u00e1rka<br \/>\n\u200b<\/p>\n","protected":false},"featured_media":28719,"comment_status":"closed","ping_status":"closed","template":"","meta":[],"product_brand":[],"product_cat":[397],"product_tag":[],"class_list":{"0":"post-28718","1":"product","2":"type-product","3":"status-publish","4":"has-post-thumbnail","6":"product_cat-gyumolcs-es-kukorica-vetomagok","8":"first","9":"instock","10":"taxable","11":"shipping-taxable","12":"purchasable","13":"product-type-simple"},"_links":{"self":[{"href":"https:\/\/chilimag.hu\/webshop\/wp-json\/wp\/v2\/product\/28718","targetHints":{"allow":["GET"]}}],"collection":[{"href":"https:\/\/chilimag.hu\/webshop\/wp-json\/wp\/v2\/product"}],"about":[{"href":"https:\/\/chilimag.hu\/webshop\/wp-json\/wp\/v2\/types\/product"}],"replies":[{"embeddable":true,"href":"https:\/\/chilimag.hu\/webshop\/wp-json\/wp\/v2\/comments?post=28718"}],"wp:featuredmedia":[{"embeddable":true,"href":"https:\/\/chilimag.hu\/webshop\/wp-json\/wp\/v2\/media\/28719"}],"wp:attachment":[{"href":"https:\/\/chilimag.hu\/webshop\/wp-json\/wp\/v2\/media?parent=28718"}],"wp:term":[{"taxonomy":"product_brand","embeddable":true,"href":"https:\/\/chilimag.hu\/webshop\/wp-json\/wp\/v2\/product_brand?post=28718"},{"taxonomy":"product_cat","embeddable":true,"href":"https:\/\/chilimag.hu\/webshop\/wp-json\/wp\/v2\/product_cat?post=28718"},{"taxonomy":"product_tag","embeddable":true,"href":"https:\/\/chilimag.hu\/webshop\/wp-json\/wp\/v2\/product_tag?post=28718"}],"curies":[{"name":"wp","href":"https:\/\/api.w.org\/{rel}","templated":true}]}}