{"id":28691,"date":"2024-02-01T20:36:30","date_gmt":"2024-02-01T20:36:30","guid":{"rendered":"https:\/\/chilimag.hu\/webshop\/?post_type=product&#038;p=28691"},"modified":"2024-02-02T18:12:26","modified_gmt":"2024-02-02T18:12:26","slug":"szerszamtarto-szek-gt01","status":"publish","type":"product","link":"https:\/\/chilimag.hu\/webshop\/termek\/szerszamtarto-szek-gt01\/","title":{"rendered":"Szersz\u00e1mtart\u00f3 sz\u00e9k (GT01)"},"content":{"rendered":"","protected":false},"excerpt":{"rendered":"<p>Kihajthat\u00f3 oliva z\u00f6ld \u00e9s barna sz\u00edn\u0171 kerti szersz\u00e1mos sz\u00e9k, melyen praktikus nagy zsebek vannak a szersz\u00e1mok \u00e9s a kerti eszk\u00f6z\u00f6k sz\u00e1m\u00e1ra.<\/p>\n<p>Szersz\u00e1mok n\u00e9lk\u00fcl sz\u00e1ll\u00edtjuk.<\/p>\n<p>M\u00e9rete: magass\u00e1g: 30 cm, sz\u00e9less\u00e9g: 40 cm, m\u00e9lys\u00e9g: 30 cm<\/p>\n","protected":false},"featured_media":28720,"comment_status":"closed","ping_status":"closed","template":"","meta":[],"product_brand":[],"product_cat":[448],"product_tag":[],"class_list":{"0":"post-28691","1":"product","2":"type-product","3":"status-publish","4":"has-post-thumbnail","6":"product_cat-kerti-ruhazat-es-kiegeszitok","8":"first","9":"instock","10":"taxable","11":"shipping-taxable","12":"purchasable","13":"product-type-simple"},"_links":{"self":[{"href":"https:\/\/chilimag.hu\/webshop\/wp-json\/wp\/v2\/product\/28691","targetHints":{"allow":["GET"]}}],"collection":[{"href":"https:\/\/chilimag.hu\/webshop\/wp-json\/wp\/v2\/product"}],"about":[{"href":"https:\/\/chilimag.hu\/webshop\/wp-json\/wp\/v2\/types\/product"}],"replies":[{"embeddable":true,"href":"https:\/\/chilimag.hu\/webshop\/wp-json\/wp\/v2\/comments?post=28691"}],"wp:featuredmedia":[{"embeddable":true,"href":"https:\/\/chilimag.hu\/webshop\/wp-json\/wp\/v2\/media\/28720"}],"wp:attachment":[{"href":"https:\/\/chilimag.hu\/webshop\/wp-json\/wp\/v2\/media?parent=28691"}],"wp:term":[{"taxonomy":"product_brand","embeddable":true,"href":"https:\/\/chilimag.hu\/webshop\/wp-json\/wp\/v2\/product_brand?post=28691"},{"taxonomy":"product_cat","embeddable":true,"href":"https:\/\/chilimag.hu\/webshop\/wp-json\/wp\/v2\/product_cat?post=28691"},{"taxonomy":"product_tag","embeddable":true,"href":"https:\/\/chilimag.hu\/webshop\/wp-json\/wp\/v2\/product_tag?post=28691"}],"curies":[{"name":"wp","href":"https:\/\/api.w.org\/{rel}","templated":true}]}}