{"id":28687,"date":"2024-02-01T20:29:58","date_gmt":"2024-02-01T20:29:58","guid":{"rendered":"https:\/\/chilimag.hu\/webshop\/?post_type=product&#038;p=28687"},"modified":"2025-01-08T18:43:01","modified_gmt":"2025-01-08T18:43:01","slug":"szerszamtarto-gt02","status":"publish","type":"product","link":"https:\/\/chilimag.hu\/webshop\/termek\/szerszamtarto-gt02\/","title":{"rendered":"Szersz\u00e1mtart\u00f3 GT02"},"content":{"rendered":"","protected":false},"excerpt":{"rendered":"<p>Z\u00f6ld-barna szinten h\u00edmz\u00e9ssel<br \/>\nSzersz\u00e1m n\u00e9lk\u00fcl sz\u00e1ll\u00edtjuk<br \/>\nM\u00e9rete magass\u00e1ga 25 cm, sz\u00e9less\u00e9ge 9 cm, m\u00e9lys\u00e9ge 4 cm.<\/p>\n","protected":false},"featured_media":28711,"comment_status":"closed","ping_status":"closed","template":"","meta":[],"product_brand":[],"product_cat":[448],"product_tag":[],"class_list":{"0":"post-28687","1":"product","2":"type-product","3":"status-publish","4":"has-post-thumbnail","6":"product_cat-kerti-ruhazat-es-kiegeszitok","8":"first","9":"instock","10":"taxable","11":"shipping-taxable","12":"purchasable","13":"product-type-simple"},"_links":{"self":[{"href":"https:\/\/chilimag.hu\/webshop\/wp-json\/wp\/v2\/product\/28687","targetHints":{"allow":["GET"]}}],"collection":[{"href":"https:\/\/chilimag.hu\/webshop\/wp-json\/wp\/v2\/product"}],"about":[{"href":"https:\/\/chilimag.hu\/webshop\/wp-json\/wp\/v2\/types\/product"}],"replies":[{"embeddable":true,"href":"https:\/\/chilimag.hu\/webshop\/wp-json\/wp\/v2\/comments?post=28687"}],"wp:featuredmedia":[{"embeddable":true,"href":"https:\/\/chilimag.hu\/webshop\/wp-json\/wp\/v2\/media\/28711"}],"wp:attachment":[{"href":"https:\/\/chilimag.hu\/webshop\/wp-json\/wp\/v2\/media?parent=28687"}],"wp:term":[{"taxonomy":"product_brand","embeddable":true,"href":"https:\/\/chilimag.hu\/webshop\/wp-json\/wp\/v2\/product_brand?post=28687"},{"taxonomy":"product_cat","embeddable":true,"href":"https:\/\/chilimag.hu\/webshop\/wp-json\/wp\/v2\/product_cat?post=28687"},{"taxonomy":"product_tag","embeddable":true,"href":"https:\/\/chilimag.hu\/webshop\/wp-json\/wp\/v2\/product_tag?post=28687"}],"curies":[{"name":"wp","href":"https:\/\/api.w.org\/{rel}","templated":true}]}}