{"id":28685,"date":"2024-02-01T20:28:07","date_gmt":"2024-02-01T20:28:07","guid":{"rendered":"https:\/\/chilimag.hu\/webshop\/?post_type=product&#038;p=28685"},"modified":"2024-02-01T20:28:07","modified_gmt":"2024-02-01T20:28:07","slug":"szerszamtarto-tok-szurke-zold-gt88","status":"publish","type":"product","link":"https:\/\/chilimag.hu\/webshop\/termek\/szerszamtarto-tok-szurke-zold-gt88\/","title":{"rendered":"Szersz\u00e1mtart\u00f3 tok sz\u00fcrke\/z\u00f6ld (GT88)"},"content":{"rendered":"","protected":false},"excerpt":{"rendered":"<p>\u00d6vre szerelhet\u0151 kerti szersz\u00e1m tart\u00f3, divatos z\u00f6ld-sz\u00fcrke sz\u00ednben, h\u00edmz\u00e9ssel.<\/p>\n<p>M\u00e9rete: magass\u00e1g: 25 cm, sz\u00e9less\u00e9g: 9 cm, m\u00e9lys\u00e9g: 4 cm<\/p>\n","protected":false},"featured_media":28686,"comment_status":"closed","ping_status":"closed","template":"","meta":[],"product_brand":[],"product_cat":[448],"product_tag":[],"class_list":{"0":"post-28685","1":"product","2":"type-product","3":"status-publish","4":"has-post-thumbnail","6":"product_cat-kerti-ruhazat-es-kiegeszitok","8":"first","9":"instock","10":"taxable","11":"shipping-taxable","12":"purchasable","13":"product-type-simple"},"_links":{"self":[{"href":"https:\/\/chilimag.hu\/webshop\/wp-json\/wp\/v2\/product\/28685","targetHints":{"allow":["GET"]}}],"collection":[{"href":"https:\/\/chilimag.hu\/webshop\/wp-json\/wp\/v2\/product"}],"about":[{"href":"https:\/\/chilimag.hu\/webshop\/wp-json\/wp\/v2\/types\/product"}],"replies":[{"embeddable":true,"href":"https:\/\/chilimag.hu\/webshop\/wp-json\/wp\/v2\/comments?post=28685"}],"wp:featuredmedia":[{"embeddable":true,"href":"https:\/\/chilimag.hu\/webshop\/wp-json\/wp\/v2\/media\/28686"}],"wp:attachment":[{"href":"https:\/\/chilimag.hu\/webshop\/wp-json\/wp\/v2\/media?parent=28685"}],"wp:term":[{"taxonomy":"product_brand","embeddable":true,"href":"https:\/\/chilimag.hu\/webshop\/wp-json\/wp\/v2\/product_brand?post=28685"},{"taxonomy":"product_cat","embeddable":true,"href":"https:\/\/chilimag.hu\/webshop\/wp-json\/wp\/v2\/product_cat?post=28685"},{"taxonomy":"product_tag","embeddable":true,"href":"https:\/\/chilimag.hu\/webshop\/wp-json\/wp\/v2\/product_tag?post=28685"}],"curies":[{"name":"wp","href":"https:\/\/api.w.org\/{rel}","templated":true}]}}