{"id":28672,"date":"2024-02-01T17:30:55","date_gmt":"2024-02-01T17:30:55","guid":{"rendered":"https:\/\/chilimag.hu\/webshop\/?post_type=product&#038;p=28672"},"modified":"2026-03-29T19:29:11","modified_gmt":"2026-03-29T19:29:11","slug":"buffalosteak-f1-paradicsom","status":"publish","type":"product","link":"https:\/\/chilimag.hu\/webshop\/termek\/buffalosteak-f1-paradicsom\/","title":{"rendered":"Buffalosteak F1 CL-SP Paradicsom"},"content":{"rendered":"","protected":false},"excerpt":{"rendered":"<p><img decoding=\"async\" class=\"border\" src=\"https:\/\/azseeds.az\/uploads\/1608727584clause.jpg\" width=\"270\" \/><\/p>\n<p>&nbsp;<\/p>\n<p>A Buffalosteak F1 egy professzion\u00e1lis hibrid a Clause term\u00e9kcsal\u00e1db\u00f3l, amelyet nagyon nagy \u00e9s h\u00fasos (500 gramm feletti) gy\u00fcm\u00f6lcs\u00f6k jellemeznek, kiv\u00e1l\u00f3 \u00edz\u0171ek. A Buffalosteak F1 olyan ig\u00e9nyes v\u00e1s\u00e1rl\u00f3knak k\u00e9sz\u00fclt, akik &#8222;r\u00e9gim\u00f3di \u00edz\u0171&#8221; paradicsomot szeretn\u00e9nek.<\/p>\n<p>A Buffalosteak F1 egy meghat\u00e1rozatlan marhaparadicsom hibrid, szegmens\u00e9hez k\u00e9pest nagyon korai \u00e9retts\u00e9ggel \u00e9s nagyon nagy term\u00e9sekkel (a Buffalosteak F1 paradicsom s\u00falya 350-700 gramm\/gy\u00fcm\u00f6lcs).<\/p>\n<p>A belseje h\u00fasos \u00e9s nagyon kev\u00e9s maggal, kiv\u00e1l\u00f3 \u00edz\u0171. Term\u00e9se klasszikus, enyh\u00e9n lap\u00edtott, bord\u00e1zott, a kerti paradicsomhoz hasonl\u00f3. A Buffalosteak F1 paradicsomot professzion\u00e1lis termel\u0151knek sz\u00e1nj\u00e1k, akik min\u0151s\u00e9get szeretn\u00e9nek k\u00edn\u00e1lni a polcon (mind a gazd\u00e1lkod\u00f3knak, akik k\u00f6zvetlen\u00fcl a v\u00e9gfelhaszn\u00e1l\u00f3nak adj\u00e1k el \u00e1ruikat, mind azoknak, akik olyan \u00fczletekbe \u00e1rulnak, ahol az \u00edzl\u00e9s \u00e9rv\u00e9nyes\u00fcl), de amat\u0151r kert\u00e9szeknek is, akik mindig a k\u00f6nny\u0171 n\u00f6v\u00e9nyt k\u00f6vetik. n\u0151, amely kiv\u00e1l\u00f3 \u00edz\u0171 paradicsomot hoz.<\/p>\n<p>A csomag 10 szem magot tartalmaz<\/p>\n","protected":false},"featured_media":28673,"comment_status":"closed","ping_status":"closed","template":"","meta":[],"product_brand":[],"product_cat":[10],"product_tag":[],"class_list":{"0":"post-28672","1":"product","2":"type-product","3":"status-publish","4":"has-post-thumbnail","6":"product_cat-paradicsom","8":"first","9":"instock","10":"taxable","11":"shipping-taxable","12":"purchasable","13":"product-type-simple"},"_links":{"self":[{"href":"https:\/\/chilimag.hu\/webshop\/wp-json\/wp\/v2\/product\/28672","targetHints":{"allow":["GET"]}}],"collection":[{"href":"https:\/\/chilimag.hu\/webshop\/wp-json\/wp\/v2\/product"}],"about":[{"href":"https:\/\/chilimag.hu\/webshop\/wp-json\/wp\/v2\/types\/product"}],"replies":[{"embeddable":true,"href":"https:\/\/chilimag.hu\/webshop\/wp-json\/wp\/v2\/comments?post=28672"}],"wp:featuredmedia":[{"embeddable":true,"href":"https:\/\/chilimag.hu\/webshop\/wp-json\/wp\/v2\/media\/28673"}],"wp:attachment":[{"href":"https:\/\/chilimag.hu\/webshop\/wp-json\/wp\/v2\/media?parent=28672"}],"wp:term":[{"taxonomy":"product_brand","embeddable":true,"href":"https:\/\/chilimag.hu\/webshop\/wp-json\/wp\/v2\/product_brand?post=28672"},{"taxonomy":"product_cat","embeddable":true,"href":"https:\/\/chilimag.hu\/webshop\/wp-json\/wp\/v2\/product_cat?post=28672"},{"taxonomy":"product_tag","embeddable":true,"href":"https:\/\/chilimag.hu\/webshop\/wp-json\/wp\/v2\/product_tag?post=28672"}],"curies":[{"name":"wp","href":"https:\/\/api.w.org\/{rel}","templated":true}]}}