{"id":28649,"date":"2024-02-01T08:03:19","date_gmt":"2024-02-01T08:03:19","guid":{"rendered":"https:\/\/chilimag.hu\/webshop\/?post_type=product&#038;p=28649"},"modified":"2026-02-01T15:03:38","modified_gmt":"2026-02-01T15:03:38","slug":"kerti-borkesztyu-hosszu-szarral-gt93","status":"publish","type":"product","link":"https:\/\/chilimag.hu\/webshop\/termek\/kerti-borkesztyu-hosszu-szarral-gt93\/","title":{"rendered":"Kerti b\u0151rkeszty\u0171 hossz\u00fa sz\u00e1rral (GT93)"},"content":{"rendered":"","protected":false},"excerpt":{"rendered":"<p>Sert\u00e9sb\u0151r keszty\u0171 kerti munk\u00e1khoz, hosszabb sz\u00e1rral.<\/p>\n<p>M\u00e9rete: hossza: 37 cm, sz\u00e9less\u00e9ge: 18 cm, m\u00e9lys\u00e9ge: 1 cm<\/p>\n","protected":false},"featured_media":28708,"comment_status":"closed","ping_status":"closed","template":"","meta":[],"product_brand":[],"product_cat":[448],"product_tag":[],"class_list":{"0":"post-28649","1":"product","2":"type-product","3":"status-publish","4":"has-post-thumbnail","6":"product_cat-kerti-ruhazat-es-kiegeszitok","8":"first","9":"instock","10":"taxable","11":"shipping-taxable","12":"purchasable","13":"product-type-simple"},"_links":{"self":[{"href":"https:\/\/chilimag.hu\/webshop\/wp-json\/wp\/v2\/product\/28649","targetHints":{"allow":["GET"]}}],"collection":[{"href":"https:\/\/chilimag.hu\/webshop\/wp-json\/wp\/v2\/product"}],"about":[{"href":"https:\/\/chilimag.hu\/webshop\/wp-json\/wp\/v2\/types\/product"}],"replies":[{"embeddable":true,"href":"https:\/\/chilimag.hu\/webshop\/wp-json\/wp\/v2\/comments?post=28649"}],"wp:featuredmedia":[{"embeddable":true,"href":"https:\/\/chilimag.hu\/webshop\/wp-json\/wp\/v2\/media\/28708"}],"wp:attachment":[{"href":"https:\/\/chilimag.hu\/webshop\/wp-json\/wp\/v2\/media?parent=28649"}],"wp:term":[{"taxonomy":"product_brand","embeddable":true,"href":"https:\/\/chilimag.hu\/webshop\/wp-json\/wp\/v2\/product_brand?post=28649"},{"taxonomy":"product_cat","embeddable":true,"href":"https:\/\/chilimag.hu\/webshop\/wp-json\/wp\/v2\/product_cat?post=28649"},{"taxonomy":"product_tag","embeddable":true,"href":"https:\/\/chilimag.hu\/webshop\/wp-json\/wp\/v2\/product_tag?post=28649"}],"curies":[{"name":"wp","href":"https:\/\/api.w.org\/{rel}","templated":true}]}}