{"id":28647,"date":"2024-02-01T08:01:33","date_gmt":"2024-02-01T08:01:33","guid":{"rendered":"https:\/\/chilimag.hu\/webshop\/?post_type=product&#038;p=28647"},"modified":"2024-02-02T17:14:19","modified_gmt":"2024-02-02T17:14:19","slug":"hosszu-szaru-kesztyu-jb020","status":"publish","type":"product","link":"https:\/\/chilimag.hu\/webshop\/termek\/hosszu-szaru-kesztyu-jb020\/","title":{"rendered":"Hossz\u00fa sz\u00e1r\u00fa keszty\u0171 (JB020)"},"content":{"rendered":"","protected":false},"excerpt":{"rendered":"<p>Hossz\u00fa sz\u00e1r\u00fa keszty\u0171 z\u00f6ld sz\u00ednben. Anyaga: m\u0171anyag, polyester<\/p>\n<p>M\u00e9rete: magass\u00e1g: 58 cm, sz\u00e9less\u00e9g: 17,8 cm, m\u00e9lys\u00e9g: 2,5 cm<\/p>\n","protected":false},"featured_media":28704,"comment_status":"closed","ping_status":"closed","template":"","meta":[],"product_brand":[],"product_cat":[448],"product_tag":[],"class_list":{"0":"post-28647","1":"product","2":"type-product","3":"status-publish","4":"has-post-thumbnail","6":"product_cat-kerti-ruhazat-es-kiegeszitok","8":"first","9":"instock","10":"taxable","11":"shipping-taxable","12":"purchasable","13":"product-type-simple"},"_links":{"self":[{"href":"https:\/\/chilimag.hu\/webshop\/wp-json\/wp\/v2\/product\/28647","targetHints":{"allow":["GET"]}}],"collection":[{"href":"https:\/\/chilimag.hu\/webshop\/wp-json\/wp\/v2\/product"}],"about":[{"href":"https:\/\/chilimag.hu\/webshop\/wp-json\/wp\/v2\/types\/product"}],"replies":[{"embeddable":true,"href":"https:\/\/chilimag.hu\/webshop\/wp-json\/wp\/v2\/comments?post=28647"}],"wp:featuredmedia":[{"embeddable":true,"href":"https:\/\/chilimag.hu\/webshop\/wp-json\/wp\/v2\/media\/28704"}],"wp:attachment":[{"href":"https:\/\/chilimag.hu\/webshop\/wp-json\/wp\/v2\/media?parent=28647"}],"wp:term":[{"taxonomy":"product_brand","embeddable":true,"href":"https:\/\/chilimag.hu\/webshop\/wp-json\/wp\/v2\/product_brand?post=28647"},{"taxonomy":"product_cat","embeddable":true,"href":"https:\/\/chilimag.hu\/webshop\/wp-json\/wp\/v2\/product_cat?post=28647"},{"taxonomy":"product_tag","embeddable":true,"href":"https:\/\/chilimag.hu\/webshop\/wp-json\/wp\/v2\/product_tag?post=28647"}],"curies":[{"name":"wp","href":"https:\/\/api.w.org\/{rel}","templated":true}]}}