{"id":28637,"date":"2024-01-31T20:39:52","date_gmt":"2024-01-31T20:39:52","guid":{"rendered":"https:\/\/chilimag.hu\/webshop\/?post_type=product&#038;p=28637"},"modified":"2026-05-12T21:21:15","modified_gmt":"2026-05-12T21:21:15","slug":"feherhere-kertdoktor-rk","status":"publish","type":"product","link":"https:\/\/chilimag.hu\/webshop\/termek\/feherhere-kertdoktor-rk\/","title":{"rendered":"Feh\u00e9rhere Kertdoktor RK"},"content":{"rendered":"","protected":false},"excerpt":{"rendered":"<p>A biokert\u00e9szek kedvelt n\u00f6v\u00e9nye, a taposott gyepek fontos \u00f6sszetev\u0151je. Gy\u00f6k\u00e9rg\u00fcm\u0151iben sok nitrog\u00e9nt k\u00f6t meg, m\u00e9ly gy\u00f6k\u00e9rzet\u00e9vel jav\u00edtja a talaj min\u0151s\u00e9g\u00e9t. Szinte minden talajon telep\u00edthet\u0151, de a j\u00f3 v\u00edzell\u00e1t\u00e1s\u00fa talajokat kedveli. R\u00e9zs\u0171k, \u00e1rokpartok megk\u00f6t\u00e9s\u00e9re aj\u00e1nlott. Gy\u00fcm\u00f6lcsf\u00e1k k\u00f6r\u00e9 is c\u00e9lszer\u0171 vetni, kiv\u00e1l\u00f3 m\u00e9hlegel\u0151, elnyomja a gyomokat. Vet\u00e9s: tavasszal (m\u00e1rcius-\u00e1prilisban) vagy \u0151sszel (augusztus v\u00e9g\u00e9n-szeptember elej\u00e9n) telep\u00edthet\u0151. A talaj fels\u0151 r\u00e9teg\u00e9be (1-2 cm) 0,5 g\/m\u00b2 mennyis\u00e9get sz\u00f3rjunk ki, majd a talajt hengerezz\u00fck. \u00c1pol\u00e1sa: a f\u00f6ldfelsz\u00ednen k\u00fasz\u00f3 sz\u00e1rak meg- jelen\u00e9se, illetve az els\u0151 vir\u00e1gz\u00e1s ut\u00e1n rendszeres ny\u00edr\u00e1st ig\u00e9nyel.<\/p>\n","protected":false},"featured_media":28638,"comment_status":"closed","ping_status":"closed","template":"","meta":[],"product_brand":[],"product_cat":[471,433],"product_tag":[],"class_list":{"0":"post-28637","1":"product","2":"type-product","3":"status-publish","4":"has-post-thumbnail","6":"product_cat-fu-es-mezogazdasagi-vetomagok","7":"product_cat-virag-vetomagok","9":"first","10":"instock","11":"taxable","12":"shipping-taxable","13":"purchasable","14":"product-type-simple"},"_links":{"self":[{"href":"https:\/\/chilimag.hu\/webshop\/wp-json\/wp\/v2\/product\/28637","targetHints":{"allow":["GET"]}}],"collection":[{"href":"https:\/\/chilimag.hu\/webshop\/wp-json\/wp\/v2\/product"}],"about":[{"href":"https:\/\/chilimag.hu\/webshop\/wp-json\/wp\/v2\/types\/product"}],"replies":[{"embeddable":true,"href":"https:\/\/chilimag.hu\/webshop\/wp-json\/wp\/v2\/comments?post=28637"}],"wp:featuredmedia":[{"embeddable":true,"href":"https:\/\/chilimag.hu\/webshop\/wp-json\/wp\/v2\/media\/28638"}],"wp:attachment":[{"href":"https:\/\/chilimag.hu\/webshop\/wp-json\/wp\/v2\/media?parent=28637"}],"wp:term":[{"taxonomy":"product_brand","embeddable":true,"href":"https:\/\/chilimag.hu\/webshop\/wp-json\/wp\/v2\/product_brand?post=28637"},{"taxonomy":"product_cat","embeddable":true,"href":"https:\/\/chilimag.hu\/webshop\/wp-json\/wp\/v2\/product_cat?post=28637"},{"taxonomy":"product_tag","embeddable":true,"href":"https:\/\/chilimag.hu\/webshop\/wp-json\/wp\/v2\/product_tag?post=28637"}],"curies":[{"name":"wp","href":"https:\/\/api.w.org\/{rel}","templated":true}]}}