{"id":28635,"date":"2024-01-31T20:35:28","date_gmt":"2024-01-31T20:35:28","guid":{"rendered":"https:\/\/chilimag.hu\/webshop\/?post_type=product&#038;p=28635"},"modified":"2026-01-26T21:48:10","modified_gmt":"2026-01-26T21:48:10","slug":"borso-veloborso-premium-nagymama-kertje-rk","status":"publish","type":"product","link":"https:\/\/chilimag.hu\/webshop\/termek\/borso-veloborso-premium-nagymama-kertje-rk\/","title":{"rendered":"Bors\u00f3 Vel\u0151bors\u00f3 Korai Pr\u00e9mium   RK"},"content":{"rendered":"","protected":false},"excerpt":{"rendered":"<p>Korai \u00e9r\u00e9s\u0171, vel\u0151 t\u00edpus\u00fa fajta. Az \u00e9l\u00e9nkz\u00f6ld sz\u00edn\u0171 n\u00f6v\u00e9ny 60-65 cm magasra n\u0151. Els\u0151 vir\u00e1gait a 8-9 n\u00f3duszon hozza. \u00cdzenk\u00e9nt 1-2 tompa v\u00e9g\u0171 h\u00fcvelyt nevel, melyben 7-8 mag fejl\u0151dik.<\/p>\n<p>A csomag 250 gr magot tartalmaz<\/p>\n","protected":false},"featured_media":28636,"comment_status":"closed","ping_status":"closed","template":"","meta":[],"product_brand":[],"product_cat":[427],"product_tag":[],"class_list":{"0":"post-28635","1":"product","2":"type-product","3":"status-publish","4":"has-post-thumbnail","6":"product_cat-huvelyesek-vetomagok-redei-kertimag","8":"first","9":"outofstock","10":"taxable","11":"shipping-taxable","12":"purchasable","13":"product-type-simple"},"_links":{"self":[{"href":"https:\/\/chilimag.hu\/webshop\/wp-json\/wp\/v2\/product\/28635","targetHints":{"allow":["GET"]}}],"collection":[{"href":"https:\/\/chilimag.hu\/webshop\/wp-json\/wp\/v2\/product"}],"about":[{"href":"https:\/\/chilimag.hu\/webshop\/wp-json\/wp\/v2\/types\/product"}],"replies":[{"embeddable":true,"href":"https:\/\/chilimag.hu\/webshop\/wp-json\/wp\/v2\/comments?post=28635"}],"wp:featuredmedia":[{"embeddable":true,"href":"https:\/\/chilimag.hu\/webshop\/wp-json\/wp\/v2\/media\/28636"}],"wp:attachment":[{"href":"https:\/\/chilimag.hu\/webshop\/wp-json\/wp\/v2\/media?parent=28635"}],"wp:term":[{"taxonomy":"product_brand","embeddable":true,"href":"https:\/\/chilimag.hu\/webshop\/wp-json\/wp\/v2\/product_brand?post=28635"},{"taxonomy":"product_cat","embeddable":true,"href":"https:\/\/chilimag.hu\/webshop\/wp-json\/wp\/v2\/product_cat?post=28635"},{"taxonomy":"product_tag","embeddable":true,"href":"https:\/\/chilimag.hu\/webshop\/wp-json\/wp\/v2\/product_tag?post=28635"}],"curies":[{"name":"wp","href":"https:\/\/api.w.org\/{rel}","templated":true}]}}