{"id":28626,"date":"2024-01-31T20:28:07","date_gmt":"2024-01-31T20:28:07","guid":{"rendered":"https:\/\/chilimag.hu\/webshop\/?post_type=product&#038;p=28626"},"modified":"2026-02-04T12:13:07","modified_gmt":"2026-02-04T12:13:07","slug":"borso-sweet-horizont-nagymama-kertje-rk","status":"publish","type":"product","link":"https:\/\/chilimag.hu\/webshop\/termek\/borso-sweet-horizont-nagymama-kertje-rk\/","title":{"rendered":"Bors\u00f3 Sweet Horizont Nagymama kertje RK"},"content":{"rendered":"","protected":false},"excerpt":{"rendered":"<p>Cukorbors\u00f3<\/p>\n<p>A h\u00fcvelyben a bels\u0151 rostos pergamenh\u00e1rty\u00e1ja hi\u00e1nyzik,ez\u00e9rt h\u00fcvelyest\u0151l fogyaszthat\u00f3. K\u00e9s\u0151n \u00e9r\u0151, er\u0151s n\u00f6veked\u00e9s\u0171, betegs\u00e9gekre ellen\u00e1ll\u00f3 fajta. H\u00fcvelye piacos, s\u00f6t\u00e9tz\u00f6ld sz\u00edn\u0171, 9-10 cm hossz\u00fa, 22 mm sz\u00e9les. Nagyon j\u00f3 min\u0151s\u00e9g\u0171, sz\u00e1lkamentes \u00e9des \u00edz\u0171.<\/p>\n<p>A csomag 50 gr magot tartalmaz<\/p>\n","protected":false},"featured_media":28627,"comment_status":"closed","ping_status":"closed","template":"","meta":[],"product_brand":[],"product_cat":[427],"product_tag":[],"class_list":{"0":"post-28626","1":"product","2":"type-product","3":"status-publish","4":"has-post-thumbnail","6":"product_cat-huvelyesek-vetomagok-redei-kertimag","8":"first","9":"instock","10":"taxable","11":"shipping-taxable","12":"purchasable","13":"product-type-simple"},"_links":{"self":[{"href":"https:\/\/chilimag.hu\/webshop\/wp-json\/wp\/v2\/product\/28626","targetHints":{"allow":["GET"]}}],"collection":[{"href":"https:\/\/chilimag.hu\/webshop\/wp-json\/wp\/v2\/product"}],"about":[{"href":"https:\/\/chilimag.hu\/webshop\/wp-json\/wp\/v2\/types\/product"}],"replies":[{"embeddable":true,"href":"https:\/\/chilimag.hu\/webshop\/wp-json\/wp\/v2\/comments?post=28626"}],"wp:featuredmedia":[{"embeddable":true,"href":"https:\/\/chilimag.hu\/webshop\/wp-json\/wp\/v2\/media\/28627"}],"wp:attachment":[{"href":"https:\/\/chilimag.hu\/webshop\/wp-json\/wp\/v2\/media?parent=28626"}],"wp:term":[{"taxonomy":"product_brand","embeddable":true,"href":"https:\/\/chilimag.hu\/webshop\/wp-json\/wp\/v2\/product_brand?post=28626"},{"taxonomy":"product_cat","embeddable":true,"href":"https:\/\/chilimag.hu\/webshop\/wp-json\/wp\/v2\/product_cat?post=28626"},{"taxonomy":"product_tag","embeddable":true,"href":"https:\/\/chilimag.hu\/webshop\/wp-json\/wp\/v2\/product_tag?post=28626"}],"curies":[{"name":"wp","href":"https:\/\/api.w.org\/{rel}","templated":true}]}}