{"id":28623,"date":"2024-01-31T20:20:37","date_gmt":"2024-01-31T20:20:37","guid":{"rendered":"https:\/\/chilimag.hu\/webshop\/?post_type=product&#038;p=28623"},"modified":"2024-02-02T17:23:13","modified_gmt":"2024-02-02T17:23:13","slug":"rozsas-szerszamtarto-szek-rd39","status":"publish","type":"product","link":"https:\/\/chilimag.hu\/webshop\/termek\/rozsas-szerszamtarto-szek-rd39\/","title":{"rendered":"R\u00f3zs\u00e1s Szersz\u00e1mtart\u00f3 sz\u00e9k RD39"},"content":{"rendered":"","protected":false},"excerpt":{"rendered":"<p>R\u00f3zsa mint\u00e1s szersz\u00e1mtart\u00f3 sz\u00e9k<br \/>\nSzersz\u00e1mok n\u00e9lk\u00fcl sz\u00e1ll\u00edtjuk<br \/>\nM\u00e9retei sz\u00e9less\u00e9ge 40 cm, m\u00e9lys\u00e9ge 31 cm, magass\u00e1ga 31 cm.<\/p>\n","protected":false},"featured_media":28707,"comment_status":"closed","ping_status":"closed","template":"","meta":[],"product_brand":[],"product_cat":[448],"product_tag":[],"class_list":{"0":"post-28623","1":"product","2":"type-product","3":"status-publish","4":"has-post-thumbnail","6":"product_cat-kerti-ruhazat-es-kiegeszitok","8":"first","9":"instock","10":"taxable","11":"shipping-taxable","12":"purchasable","13":"product-type-simple"},"_links":{"self":[{"href":"https:\/\/chilimag.hu\/webshop\/wp-json\/wp\/v2\/product\/28623","targetHints":{"allow":["GET"]}}],"collection":[{"href":"https:\/\/chilimag.hu\/webshop\/wp-json\/wp\/v2\/product"}],"about":[{"href":"https:\/\/chilimag.hu\/webshop\/wp-json\/wp\/v2\/types\/product"}],"replies":[{"embeddable":true,"href":"https:\/\/chilimag.hu\/webshop\/wp-json\/wp\/v2\/comments?post=28623"}],"wp:featuredmedia":[{"embeddable":true,"href":"https:\/\/chilimag.hu\/webshop\/wp-json\/wp\/v2\/media\/28707"}],"wp:attachment":[{"href":"https:\/\/chilimag.hu\/webshop\/wp-json\/wp\/v2\/media?parent=28623"}],"wp:term":[{"taxonomy":"product_brand","embeddable":true,"href":"https:\/\/chilimag.hu\/webshop\/wp-json\/wp\/v2\/product_brand?post=28623"},{"taxonomy":"product_cat","embeddable":true,"href":"https:\/\/chilimag.hu\/webshop\/wp-json\/wp\/v2\/product_cat?post=28623"},{"taxonomy":"product_tag","embeddable":true,"href":"https:\/\/chilimag.hu\/webshop\/wp-json\/wp\/v2\/product_tag?post=28623"}],"curies":[{"name":"wp","href":"https:\/\/api.w.org\/{rel}","templated":true}]}}