{"id":28618,"date":"2024-01-31T20:16:47","date_gmt":"2024-01-31T20:16:47","guid":{"rendered":"https:\/\/chilimag.hu\/webshop\/?post_type=product&#038;p=28618"},"modified":"2026-01-23T15:07:01","modified_gmt":"2026-01-23T15:07:01","slug":"borso-douce-provence-nagymama-kertje-rk","status":"publish","type":"product","link":"https:\/\/chilimag.hu\/webshop\/termek\/borso-douce-provence-nagymama-kertje-rk\/","title":{"rendered":"Bors\u00f3 Douce Provence Nagymama kertje RK"},"content":{"rendered":"","protected":false},"excerpt":{"rendered":"<p>Kifejt\u0151bors\u00f3<\/p>\n<p>Igen korai \u00e9r\u00e9scsoport\u00fa, a Rajnai t\u00f6rpe fajt\u00e1hoz hasonl\u00f3, alacsony n\u00f6veked\u00e9s\u0171 bors\u00f3. H\u00e1zikertben a legkor\u00e1bban szedhet\u0151, friss fogyaszt\u00e1sra aj\u00e1nlott kifejt\u0151bors\u00f3. K\u00f6z\u00e9phossz\u00fa h\u00fcvelye egyenes, hegyes v\u00e9g\u0171, benne 7-8 k\u00f6zepes m\u00e9ret\u0171, vil\u00e1gosz\u00f6ld maggal. Finom \u00e9des \u00edz\u0171.<\/p>\n<p>A csomag 200 gr magot tartalmaz<\/p>\n","protected":false},"featured_media":28619,"comment_status":"closed","ping_status":"closed","template":"","meta":[],"product_brand":[],"product_cat":[427],"product_tag":[],"class_list":{"0":"post-28618","1":"product","2":"type-product","3":"status-publish","4":"has-post-thumbnail","6":"product_cat-huvelyesek-vetomagok-redei-kertimag","8":"first","9":"instock","10":"taxable","11":"shipping-taxable","12":"purchasable","13":"product-type-simple"},"_links":{"self":[{"href":"https:\/\/chilimag.hu\/webshop\/wp-json\/wp\/v2\/product\/28618","targetHints":{"allow":["GET"]}}],"collection":[{"href":"https:\/\/chilimag.hu\/webshop\/wp-json\/wp\/v2\/product"}],"about":[{"href":"https:\/\/chilimag.hu\/webshop\/wp-json\/wp\/v2\/types\/product"}],"replies":[{"embeddable":true,"href":"https:\/\/chilimag.hu\/webshop\/wp-json\/wp\/v2\/comments?post=28618"}],"wp:featuredmedia":[{"embeddable":true,"href":"https:\/\/chilimag.hu\/webshop\/wp-json\/wp\/v2\/media\/28619"}],"wp:attachment":[{"href":"https:\/\/chilimag.hu\/webshop\/wp-json\/wp\/v2\/media?parent=28618"}],"wp:term":[{"taxonomy":"product_brand","embeddable":true,"href":"https:\/\/chilimag.hu\/webshop\/wp-json\/wp\/v2\/product_brand?post=28618"},{"taxonomy":"product_cat","embeddable":true,"href":"https:\/\/chilimag.hu\/webshop\/wp-json\/wp\/v2\/product_cat?post=28618"},{"taxonomy":"product_tag","embeddable":true,"href":"https:\/\/chilimag.hu\/webshop\/wp-json\/wp\/v2\/product_tag?post=28618"}],"curies":[{"name":"wp","href":"https:\/\/api.w.org\/{rel}","templated":true}]}}