{"id":28612,"date":"2024-01-31T20:04:39","date_gmt":"2024-01-31T20:04:39","guid":{"rendered":"https:\/\/chilimag.hu\/webshop\/?post_type=product&#038;p=28612"},"modified":"2026-03-11T12:35:53","modified_gmt":"2026-03-11T12:35:53","slug":"bab-bokorbab-bergold-nagymama-kertje-rk","status":"publish","type":"product","link":"https:\/\/chilimag.hu\/webshop\/termek\/bab-bokorbab-bergold-nagymama-kertje-rk\/","title":{"rendered":"Bab Bokorbab Bergold Nagymama kertje RK"},"content":{"rendered":"","protected":false},"excerpt":{"rendered":"<p>K\u00f6z\u00e9pkorai \u00e9r\u00e9s\u0171, b\u0151term\u0151 h\u00e1zikerti fajta. A bokor 45 cm magas, er\u0151s lombozat\u00fa. H\u00fcvelye 13 cm hossz\u00fa, sz\u00e1lkamentes, aranys\u00e1rga sz\u00edn\u0171, egyenes, kerek keresztmetszet\u0171. T\u00f6bbsz\u00f6ri szed\u00e9sre alkalmas fajta.<\/p>\n<p>A csomag 50 gr magot tartalmaz<\/p>\n","protected":false},"featured_media":28613,"comment_status":"closed","ping_status":"closed","template":"","meta":[],"product_brand":[],"product_cat":[427],"product_tag":[],"class_list":{"0":"post-28612","1":"product","2":"type-product","3":"status-publish","4":"has-post-thumbnail","6":"product_cat-huvelyesek-vetomagok-redei-kertimag","8":"first","9":"instock","10":"taxable","11":"shipping-taxable","12":"purchasable","13":"product-type-simple"},"_links":{"self":[{"href":"https:\/\/chilimag.hu\/webshop\/wp-json\/wp\/v2\/product\/28612","targetHints":{"allow":["GET"]}}],"collection":[{"href":"https:\/\/chilimag.hu\/webshop\/wp-json\/wp\/v2\/product"}],"about":[{"href":"https:\/\/chilimag.hu\/webshop\/wp-json\/wp\/v2\/types\/product"}],"replies":[{"embeddable":true,"href":"https:\/\/chilimag.hu\/webshop\/wp-json\/wp\/v2\/comments?post=28612"}],"wp:featuredmedia":[{"embeddable":true,"href":"https:\/\/chilimag.hu\/webshop\/wp-json\/wp\/v2\/media\/28613"}],"wp:attachment":[{"href":"https:\/\/chilimag.hu\/webshop\/wp-json\/wp\/v2\/media?parent=28612"}],"wp:term":[{"taxonomy":"product_brand","embeddable":true,"href":"https:\/\/chilimag.hu\/webshop\/wp-json\/wp\/v2\/product_brand?post=28612"},{"taxonomy":"product_cat","embeddable":true,"href":"https:\/\/chilimag.hu\/webshop\/wp-json\/wp\/v2\/product_cat?post=28612"},{"taxonomy":"product_tag","embeddable":true,"href":"https:\/\/chilimag.hu\/webshop\/wp-json\/wp\/v2\/product_tag?post=28612"}],"curies":[{"name":"wp","href":"https:\/\/api.w.org\/{rel}","templated":true}]}}