{"id":28603,"date":"2024-01-31T19:49:44","date_gmt":"2024-01-31T19:49:44","guid":{"rendered":"https:\/\/chilimag.hu\/webshop\/?post_type=product&#038;p=28603"},"modified":"2026-04-20T19:41:06","modified_gmt":"2026-04-20T19:41:06","slug":"bab-de-monica-lobab-nagymama-kertje-rk","status":"publish","type":"product","link":"https:\/\/chilimag.hu\/webshop\/termek\/bab-de-monica-lobab-nagymama-kertje-rk\/","title":{"rendered":"Bab De Monica (L\u00f3bab) Nagymama kertje RK"},"content":{"rendered":"","protected":false},"excerpt":{"rendered":"<p>A korai z\u00f6ldbors\u00f3val azonos id\u0151pontban fogyaszthat\u00f3 friss z\u00f6lds\u00e9g.Kifejtve, vil\u00e1gosz\u00f6ld magjaib\u00f3l sal\u00e1ta, p\u00fcr\u00e9 \u00e9s f\u0151zel\u00e9k k\u00e9sz\u00edthet\u0151. \u00c9rett magja feh\u00e9rj\u00e9ben, szabad zs\u00edrsavakban \u00e9s kem\u00e9ny\u00edt\u0151ben gazdag, sz\u00e1razbab-f\u0151zel\u00e9kk\u00e9nt fogyaszthat\u00f3.<\/p>\n<p>A csomag 50 gr magot tartalmaz<\/p>\n","protected":false},"featured_media":28604,"comment_status":"closed","ping_status":"closed","template":"","meta":[],"product_brand":[],"product_cat":[427],"product_tag":[],"class_list":{"0":"post-28603","1":"product","2":"type-product","3":"status-publish","4":"has-post-thumbnail","6":"product_cat-huvelyesek-vetomagok-redei-kertimag","8":"first","9":"instock","10":"taxable","11":"shipping-taxable","12":"purchasable","13":"product-type-simple"},"_links":{"self":[{"href":"https:\/\/chilimag.hu\/webshop\/wp-json\/wp\/v2\/product\/28603","targetHints":{"allow":["GET"]}}],"collection":[{"href":"https:\/\/chilimag.hu\/webshop\/wp-json\/wp\/v2\/product"}],"about":[{"href":"https:\/\/chilimag.hu\/webshop\/wp-json\/wp\/v2\/types\/product"}],"replies":[{"embeddable":true,"href":"https:\/\/chilimag.hu\/webshop\/wp-json\/wp\/v2\/comments?post=28603"}],"wp:featuredmedia":[{"embeddable":true,"href":"https:\/\/chilimag.hu\/webshop\/wp-json\/wp\/v2\/media\/28604"}],"wp:attachment":[{"href":"https:\/\/chilimag.hu\/webshop\/wp-json\/wp\/v2\/media?parent=28603"}],"wp:term":[{"taxonomy":"product_brand","embeddable":true,"href":"https:\/\/chilimag.hu\/webshop\/wp-json\/wp\/v2\/product_brand?post=28603"},{"taxonomy":"product_cat","embeddable":true,"href":"https:\/\/chilimag.hu\/webshop\/wp-json\/wp\/v2\/product_cat?post=28603"},{"taxonomy":"product_tag","embeddable":true,"href":"https:\/\/chilimag.hu\/webshop\/wp-json\/wp\/v2\/product_tag?post=28603"}],"curies":[{"name":"wp","href":"https:\/\/api.w.org\/{rel}","templated":true}]}}