{"id":28600,"date":"2024-01-31T19:41:31","date_gmt":"2024-01-31T19:41:31","guid":{"rendered":"https:\/\/chilimag.hu\/webshop\/?post_type=product&#038;p=28600"},"modified":"2026-03-09T14:09:50","modified_gmt":"2026-03-09T14:09:50","slug":"kokardavirag-pannon-rk","status":"publish","type":"product","link":"https:\/\/chilimag.hu\/webshop\/termek\/kokardavirag-pannon-rk\/","title":{"rendered":"Kok\u00e1rdavir\u00e1g Pannon RK"},"content":{"rendered":"","protected":false},"excerpt":{"rendered":"<p>Er\u0151s n\u00f6veked\u00e9s\u0171, \u00e9l\u00e9nk sz\u00edn\u0171, a margar\u00e9t\u00e1hoz hasonl\u00f3 \u00e9vel\u0151 vir\u00e1g. Napf\u00e9nyes helyet \u00e9s norm\u00e1l kerti talajt kedvel. A vet\u00e9st ne takarjuk be, a cs\u00edr\u00e1z\u00e1shoz f\u00e9nyt ig\u00e9nyel. Szeptemberben visszav\u00e1gjuk.<\/p>\n<p>A csomag 1 gr magot tartalmaz<\/p>\n","protected":false},"featured_media":28601,"comment_status":"closed","ping_status":"closed","template":"","meta":[],"product_brand":[],"product_cat":[433],"product_tag":[],"class_list":{"0":"post-28600","1":"product","2":"type-product","3":"status-publish","4":"has-post-thumbnail","6":"product_cat-virag-vetomagok","8":"first","9":"instock","10":"taxable","11":"shipping-taxable","12":"purchasable","13":"product-type-simple"},"_links":{"self":[{"href":"https:\/\/chilimag.hu\/webshop\/wp-json\/wp\/v2\/product\/28600","targetHints":{"allow":["GET"]}}],"collection":[{"href":"https:\/\/chilimag.hu\/webshop\/wp-json\/wp\/v2\/product"}],"about":[{"href":"https:\/\/chilimag.hu\/webshop\/wp-json\/wp\/v2\/types\/product"}],"replies":[{"embeddable":true,"href":"https:\/\/chilimag.hu\/webshop\/wp-json\/wp\/v2\/comments?post=28600"}],"wp:featuredmedia":[{"embeddable":true,"href":"https:\/\/chilimag.hu\/webshop\/wp-json\/wp\/v2\/media\/28601"}],"wp:attachment":[{"href":"https:\/\/chilimag.hu\/webshop\/wp-json\/wp\/v2\/media?parent=28600"}],"wp:term":[{"taxonomy":"product_brand","embeddable":true,"href":"https:\/\/chilimag.hu\/webshop\/wp-json\/wp\/v2\/product_brand?post=28600"},{"taxonomy":"product_cat","embeddable":true,"href":"https:\/\/chilimag.hu\/webshop\/wp-json\/wp\/v2\/product_cat?post=28600"},{"taxonomy":"product_tag","embeddable":true,"href":"https:\/\/chilimag.hu\/webshop\/wp-json\/wp\/v2\/product_tag?post=28600"}],"curies":[{"name":"wp","href":"https:\/\/api.w.org\/{rel}","templated":true}]}}