{"id":28575,"date":"2024-01-31T11:43:51","date_gmt":"2024-01-31T11:43:51","guid":{"rendered":"https:\/\/chilimag.hu\/webshop\/?post_type=product&#038;p=28575"},"modified":"2026-03-20T13:58:16","modified_gmt":"2026-03-20T13:58:16","slug":"kamilla-pannon-rk","status":"publish","type":"product","link":"https:\/\/chilimag.hu\/webshop\/termek\/kamilla-pannon-rk\/","title":{"rendered":"Kamilla Pannon RK"},"content":{"rendered":"","protected":false},"excerpt":{"rendered":"<p>Egy\u00e9ves, \u00e1ttelel\u0151. Gyullad\u00e1scs\u00f6kkent\u0151, fert\u0151tlen\u00edt\u0151, g\u00f6rcsold\u00f3 hat\u00e1s\u00fa.<\/p>\n<p>A csomag 0,5 gr magot tartalmaz<\/p>\n","protected":false},"featured_media":28577,"comment_status":"closed","ping_status":"closed","template":"","meta":[],"product_brand":[],"product_cat":[424],"product_tag":[],"class_list":{"0":"post-28575","1":"product","2":"type-product","3":"status-publish","4":"has-post-thumbnail","6":"product_cat-fuszer-es-gyogynoveny-vetomagok-redei-kertimag","8":"first","9":"instock","10":"taxable","11":"shipping-taxable","12":"purchasable","13":"product-type-simple"},"_links":{"self":[{"href":"https:\/\/chilimag.hu\/webshop\/wp-json\/wp\/v2\/product\/28575","targetHints":{"allow":["GET"]}}],"collection":[{"href":"https:\/\/chilimag.hu\/webshop\/wp-json\/wp\/v2\/product"}],"about":[{"href":"https:\/\/chilimag.hu\/webshop\/wp-json\/wp\/v2\/types\/product"}],"replies":[{"embeddable":true,"href":"https:\/\/chilimag.hu\/webshop\/wp-json\/wp\/v2\/comments?post=28575"}],"wp:featuredmedia":[{"embeddable":true,"href":"https:\/\/chilimag.hu\/webshop\/wp-json\/wp\/v2\/media\/28577"}],"wp:attachment":[{"href":"https:\/\/chilimag.hu\/webshop\/wp-json\/wp\/v2\/media?parent=28575"}],"wp:term":[{"taxonomy":"product_brand","embeddable":true,"href":"https:\/\/chilimag.hu\/webshop\/wp-json\/wp\/v2\/product_brand?post=28575"},{"taxonomy":"product_cat","embeddable":true,"href":"https:\/\/chilimag.hu\/webshop\/wp-json\/wp\/v2\/product_cat?post=28575"},{"taxonomy":"product_tag","embeddable":true,"href":"https:\/\/chilimag.hu\/webshop\/wp-json\/wp\/v2\/product_tag?post=28575"}],"curies":[{"name":"wp","href":"https:\/\/api.w.org\/{rel}","templated":true}]}}