{"id":28500,"date":"2024-01-31T09:27:50","date_gmt":"2024-01-31T09:27:50","guid":{"rendered":"https:\/\/chilimag.hu\/webshop\/?post_type=product&#038;p=28500"},"modified":"2026-03-20T14:59:11","modified_gmt":"2026-03-20T14:59:11","slug":"sparga-mary-washington-delikatesz-rk","status":"publish","type":"product","link":"https:\/\/chilimag.hu\/webshop\/termek\/sparga-mary-washington-delikatesz-rk\/","title":{"rendered":"Sp\u00e1rga Mary Washington Delik\u00e1tesz RK"},"content":{"rendered":"","protected":false},"excerpt":{"rendered":"<p>Er\u0151teljes, gyors n\u00f6veked\u00e9s\u0171 \u00e9vel\u0151 n\u00f6v\u00e9ny. B\u0151term\u0151, friss fogyaszt\u00e1sra \u00e9s m\u00e9lyh\u0171t\u00e9sre is kiv\u00e1l\u00f3an alkalmas. 1-2 \u00e9ves magoncokr\u00f3l szapor\u00edthat\u00f3.<\/p>\n<p>A csomag 1 gr magot tartalmaz<\/p>\n","protected":false},"featured_media":28501,"comment_status":"closed","ping_status":"closed","template":"","meta":[],"product_brand":[],"product_cat":[449],"product_tag":[],"class_list":{"0":"post-28500","1":"product","2":"type-product","3":"status-publish","4":"has-post-thumbnail","6":"product_cat-zoldseg-vetomagok-redei-kertimag","8":"first","9":"instock","10":"taxable","11":"shipping-taxable","12":"purchasable","13":"product-type-simple"},"_links":{"self":[{"href":"https:\/\/chilimag.hu\/webshop\/wp-json\/wp\/v2\/product\/28500","targetHints":{"allow":["GET"]}}],"collection":[{"href":"https:\/\/chilimag.hu\/webshop\/wp-json\/wp\/v2\/product"}],"about":[{"href":"https:\/\/chilimag.hu\/webshop\/wp-json\/wp\/v2\/types\/product"}],"replies":[{"embeddable":true,"href":"https:\/\/chilimag.hu\/webshop\/wp-json\/wp\/v2\/comments?post=28500"}],"wp:featuredmedia":[{"embeddable":true,"href":"https:\/\/chilimag.hu\/webshop\/wp-json\/wp\/v2\/media\/28501"}],"wp:attachment":[{"href":"https:\/\/chilimag.hu\/webshop\/wp-json\/wp\/v2\/media?parent=28500"}],"wp:term":[{"taxonomy":"product_brand","embeddable":true,"href":"https:\/\/chilimag.hu\/webshop\/wp-json\/wp\/v2\/product_brand?post=28500"},{"taxonomy":"product_cat","embeddable":true,"href":"https:\/\/chilimag.hu\/webshop\/wp-json\/wp\/v2\/product_cat?post=28500"},{"taxonomy":"product_tag","embeddable":true,"href":"https:\/\/chilimag.hu\/webshop\/wp-json\/wp\/v2\/product_tag?post=28500"}],"curies":[{"name":"wp","href":"https:\/\/api.w.org\/{rel}","templated":true}]}}