{"id":28491,"date":"2024-01-31T09:12:10","date_gmt":"2024-01-31T09:12:10","guid":{"rendered":"https:\/\/chilimag.hu\/webshop\/?post_type=product&#038;p=28491"},"modified":"2026-01-22T17:12:36","modified_gmt":"2026-01-22T17:12:36","slug":"cekla-chioggia-delikatesz-rk","status":"publish","type":"product","link":"https:\/\/chilimag.hu\/webshop\/termek\/cekla-chioggia-delikatesz-rk\/","title":{"rendered":"C\u00e9kla Chioggia Delik\u00e1tesz RK"},"content":{"rendered":"","protected":false},"excerpt":{"rendered":"<p>R\u00f6vid teny\u00e9szidej\u0171 fajta, k\u00fcl\u00f6nleges feh\u00e9r \u00e9s borv\u00f6r\u00f6s cs\u00edkos r\u00e9patesttel. \u00cdze \u00e9des, finomabb, mint a s\u00f6t\u00e9tv\u00f6r\u00f6s fajt\u00e1k\u00e9. Sal\u00e1t\u00e1kba nyersen, k\u00f6retk\u00e9nt p\u00e1rolva kiv\u00e1l\u00f3.<\/p>\n<p>A csomag 2,5 gr magot tartalmaz<\/p>\n","protected":false},"featured_media":28492,"comment_status":"closed","ping_status":"closed","template":"","meta":[],"product_brand":[],"product_cat":[434],"product_tag":[],"class_list":{"0":"post-28491","1":"product","2":"type-product","3":"status-publish","4":"has-post-thumbnail","6":"product_cat-zeller-karalabe-cekla-vetomagok-redei-kertimag","8":"first","9":"instock","10":"taxable","11":"shipping-taxable","12":"purchasable","13":"product-type-simple"},"_links":{"self":[{"href":"https:\/\/chilimag.hu\/webshop\/wp-json\/wp\/v2\/product\/28491","targetHints":{"allow":["GET"]}}],"collection":[{"href":"https:\/\/chilimag.hu\/webshop\/wp-json\/wp\/v2\/product"}],"about":[{"href":"https:\/\/chilimag.hu\/webshop\/wp-json\/wp\/v2\/types\/product"}],"replies":[{"embeddable":true,"href":"https:\/\/chilimag.hu\/webshop\/wp-json\/wp\/v2\/comments?post=28491"}],"wp:featuredmedia":[{"embeddable":true,"href":"https:\/\/chilimag.hu\/webshop\/wp-json\/wp\/v2\/media\/28492"}],"wp:attachment":[{"href":"https:\/\/chilimag.hu\/webshop\/wp-json\/wp\/v2\/media?parent=28491"}],"wp:term":[{"taxonomy":"product_brand","embeddable":true,"href":"https:\/\/chilimag.hu\/webshop\/wp-json\/wp\/v2\/product_brand?post=28491"},{"taxonomy":"product_cat","embeddable":true,"href":"https:\/\/chilimag.hu\/webshop\/wp-json\/wp\/v2\/product_cat?post=28491"},{"taxonomy":"product_tag","embeddable":true,"href":"https:\/\/chilimag.hu\/webshop\/wp-json\/wp\/v2\/product_tag?post=28491"}],"curies":[{"name":"wp","href":"https:\/\/api.w.org\/{rel}","templated":true}]}}