{"id":28489,"date":"2024-01-31T09:06:25","date_gmt":"2024-01-31T09:06:25","guid":{"rendered":"https:\/\/chilimag.hu\/webshop\/?post_type=product&#038;p=28489"},"modified":"2024-02-02T17:38:52","modified_gmt":"2024-02-02T17:38:52","slug":"rozsa-mintas-kerti-koteny-rd37","status":"publish","type":"product","link":"https:\/\/chilimag.hu\/webshop\/termek\/rozsa-mintas-kerti-koteny-rd37\/","title":{"rendered":"R\u00f3zsa mint\u00e1s Kerti k\u00f6t\u00e9ny (RD37)"},"content":{"rendered":"","protected":false},"excerpt":{"rendered":"<p>R\u00f3zsa mint\u00e1s kerti k\u00f6t\u00e9ny.<\/p>\n<p>M\u00e9rete: sz\u00e9less\u00e9g: 46 cm, m\u00e9lys\u00e9g: 1 cm, magass\u00e1g: 74 cm<\/p>\n<p>A term\u00e9ket szersz\u00e1mok n\u00e9lk\u00fcl sz\u00e1ll\u00edtjuk.<\/p>\n","protected":false},"featured_media":28713,"comment_status":"closed","ping_status":"closed","template":"","meta":[],"product_brand":[],"product_cat":[448],"product_tag":[],"class_list":{"0":"post-28489","1":"product","2":"type-product","3":"status-publish","4":"has-post-thumbnail","6":"product_cat-kerti-ruhazat-es-kiegeszitok","8":"first","9":"instock","10":"taxable","11":"shipping-taxable","12":"purchasable","13":"product-type-simple"},"_links":{"self":[{"href":"https:\/\/chilimag.hu\/webshop\/wp-json\/wp\/v2\/product\/28489","targetHints":{"allow":["GET"]}}],"collection":[{"href":"https:\/\/chilimag.hu\/webshop\/wp-json\/wp\/v2\/product"}],"about":[{"href":"https:\/\/chilimag.hu\/webshop\/wp-json\/wp\/v2\/types\/product"}],"replies":[{"embeddable":true,"href":"https:\/\/chilimag.hu\/webshop\/wp-json\/wp\/v2\/comments?post=28489"}],"wp:featuredmedia":[{"embeddable":true,"href":"https:\/\/chilimag.hu\/webshop\/wp-json\/wp\/v2\/media\/28713"}],"wp:attachment":[{"href":"https:\/\/chilimag.hu\/webshop\/wp-json\/wp\/v2\/media?parent=28489"}],"wp:term":[{"taxonomy":"product_brand","embeddable":true,"href":"https:\/\/chilimag.hu\/webshop\/wp-json\/wp\/v2\/product_brand?post=28489"},{"taxonomy":"product_cat","embeddable":true,"href":"https:\/\/chilimag.hu\/webshop\/wp-json\/wp\/v2\/product_cat?post=28489"},{"taxonomy":"product_tag","embeddable":true,"href":"https:\/\/chilimag.hu\/webshop\/wp-json\/wp\/v2\/product_tag?post=28489"}],"curies":[{"name":"wp","href":"https:\/\/api.w.org\/{rel}","templated":true}]}}