{"id":28487,"date":"2024-01-31T09:04:05","date_gmt":"2024-01-31T09:04:05","guid":{"rendered":"https:\/\/chilimag.hu\/webshop\/?post_type=product&#038;p=28487"},"modified":"2024-02-02T17:36:31","modified_gmt":"2024-02-02T17:36:31","slug":"rozsas-kerti-terdvedo-rd42","status":"publish","type":"product","link":"https:\/\/chilimag.hu\/webshop\/termek\/rozsas-kerti-terdvedo-rd42\/","title":{"rendered":"R\u00f3zs\u00e1s kerti t\u00e9rdv\u00e9d\u0151 RD42"},"content":{"rendered":"","protected":false},"excerpt":{"rendered":"<p>L\u00e1bra r\u00f6gz\u00edthet\u0151 r\u00f3zs\u00e1s t\u00e9rdv\u00e9d\u0151 kert\u00e9szked\u00e9shez.<br \/>\nM\u00e9retei magass\u00e1ga 20 cm, sz\u00e9less\u00e9ge 16 cm, m\u00e9lys\u00e9g 4,6 cm.<\/p>\n","protected":false},"featured_media":28712,"comment_status":"closed","ping_status":"closed","template":"","meta":[],"product_brand":[],"product_cat":[448],"product_tag":[],"class_list":{"0":"post-28487","1":"product","2":"type-product","3":"status-publish","4":"has-post-thumbnail","6":"product_cat-kerti-ruhazat-es-kiegeszitok","8":"first","9":"instock","10":"taxable","11":"shipping-taxable","12":"purchasable","13":"product-type-simple"},"_links":{"self":[{"href":"https:\/\/chilimag.hu\/webshop\/wp-json\/wp\/v2\/product\/28487","targetHints":{"allow":["GET"]}}],"collection":[{"href":"https:\/\/chilimag.hu\/webshop\/wp-json\/wp\/v2\/product"}],"about":[{"href":"https:\/\/chilimag.hu\/webshop\/wp-json\/wp\/v2\/types\/product"}],"replies":[{"embeddable":true,"href":"https:\/\/chilimag.hu\/webshop\/wp-json\/wp\/v2\/comments?post=28487"}],"wp:featuredmedia":[{"embeddable":true,"href":"https:\/\/chilimag.hu\/webshop\/wp-json\/wp\/v2\/media\/28712"}],"wp:attachment":[{"href":"https:\/\/chilimag.hu\/webshop\/wp-json\/wp\/v2\/media?parent=28487"}],"wp:term":[{"taxonomy":"product_brand","embeddable":true,"href":"https:\/\/chilimag.hu\/webshop\/wp-json\/wp\/v2\/product_brand?post=28487"},{"taxonomy":"product_cat","embeddable":true,"href":"https:\/\/chilimag.hu\/webshop\/wp-json\/wp\/v2\/product_cat?post=28487"},{"taxonomy":"product_tag","embeddable":true,"href":"https:\/\/chilimag.hu\/webshop\/wp-json\/wp\/v2\/product_tag?post=28487"}],"curies":[{"name":"wp","href":"https:\/\/api.w.org\/{rel}","templated":true}]}}