{"id":28484,"date":"2024-01-31T09:01:41","date_gmt":"2024-01-31T09:01:41","guid":{"rendered":"https:\/\/chilimag.hu\/webshop\/?post_type=product&#038;p=28484"},"modified":"2026-03-20T14:06:50","modified_gmt":"2026-03-20T14:06:50","slug":"metelopetrezselyem-olasz-orias-delikatesz-rk","status":"publish","type":"product","link":"https:\/\/chilimag.hu\/webshop\/termek\/metelopetrezselyem-olasz-orias-delikatesz-rk\/","title":{"rendered":"Met\u00e9l\u0151petrezselyem Olasz \u00f3ri\u00e1s Delik\u00e1tesz RK"},"content":{"rendered":"","protected":false},"excerpt":{"rendered":"<p>Hossz\u00fa sz\u00e1r\u00fa ( 30-50 cm ), fel\u00e1ll\u00f3 lombozat\u00fa, sima level\u0171 szelekci\u00f3. Balkonl\u00e1d\u00e1ban, cser\u00e9pben is termeszthet\u0151. D\u00fas lombja k\u00f6z\u00e9pz\u00f6ld sz\u00edn\u0171, nagyon arom\u00e1s \u00edz\u0171. A m\u00e1sodik \u00e9vben tavasszal \u00fajra kihajt, ezut\u00e1n egyszer m\u00e9g v\u00e9ghatjuk, majd felmagzik. A petrezselyemmag nagyon lassan cs\u00edr\u00e1zik ( kb. 3 h\u00e9t ), ez id\u0151 alatt tartsuk \u00e1lland\u00f3an nedvesen a vet\u00e9st.<\/p>\n<p>A csomag 2 gr magot tartalmaz<\/p>\n","protected":false},"featured_media":28485,"comment_status":"closed","ping_status":"closed","template":"","meta":[],"product_brand":[],"product_cat":[424],"product_tag":[],"class_list":{"0":"post-28484","1":"product","2":"type-product","3":"status-publish","4":"has-post-thumbnail","6":"product_cat-fuszer-es-gyogynoveny-vetomagok-redei-kertimag","8":"first","9":"instock","10":"taxable","11":"shipping-taxable","12":"purchasable","13":"product-type-simple"},"_links":{"self":[{"href":"https:\/\/chilimag.hu\/webshop\/wp-json\/wp\/v2\/product\/28484","targetHints":{"allow":["GET"]}}],"collection":[{"href":"https:\/\/chilimag.hu\/webshop\/wp-json\/wp\/v2\/product"}],"about":[{"href":"https:\/\/chilimag.hu\/webshop\/wp-json\/wp\/v2\/types\/product"}],"replies":[{"embeddable":true,"href":"https:\/\/chilimag.hu\/webshop\/wp-json\/wp\/v2\/comments?post=28484"}],"wp:featuredmedia":[{"embeddable":true,"href":"https:\/\/chilimag.hu\/webshop\/wp-json\/wp\/v2\/media\/28485"}],"wp:attachment":[{"href":"https:\/\/chilimag.hu\/webshop\/wp-json\/wp\/v2\/media?parent=28484"}],"wp:term":[{"taxonomy":"product_brand","embeddable":true,"href":"https:\/\/chilimag.hu\/webshop\/wp-json\/wp\/v2\/product_brand?post=28484"},{"taxonomy":"product_cat","embeddable":true,"href":"https:\/\/chilimag.hu\/webshop\/wp-json\/wp\/v2\/product_cat?post=28484"},{"taxonomy":"product_tag","embeddable":true,"href":"https:\/\/chilimag.hu\/webshop\/wp-json\/wp\/v2\/product_tag?post=28484"}],"curies":[{"name":"wp","href":"https:\/\/api.w.org\/{rel}","templated":true}]}}