{"id":28460,"date":"2024-01-31T08:20:15","date_gmt":"2024-01-31T08:20:15","guid":{"rendered":"https:\/\/chilimag.hu\/webshop\/?post_type=product&#038;p=28460"},"modified":"2026-01-17T20:40:23","modified_gmt":"2026-01-17T20:40:23","slug":"gumoskomeny-delikatesz-rk","status":"publish","type":"product","link":"https:\/\/chilimag.hu\/webshop\/termek\/gumoskomeny-delikatesz-rk\/","title":{"rendered":"Gum\u00f3sk\u00f6m\u00e9ny Delik\u00e1tesz RK"},"content":{"rendered":"","protected":false},"excerpt":{"rendered":"<p>Megvastagodott, h\u00fasos lev\u00e9lnyel\u00e9nek feh\u00e9r r\u00e9sz\u00e9t fogyasztjuk. Az \u00e9desk\u00f6m\u00e9ny k\u00f6zeli rokona, kiss\u00e9 \u00e1nizsos \u00edz\u0171. Kedvelt alap\u00edzt ad sal\u00e1t\u00e1knak, k\u00f6reteknek, de el\u0151f\u0151z\u00e9s ut\u00e1n tejf\u00f6l\u00f6s-sajtos m\u00e1rt\u00e1ssal s\u00fcltekhez is adhatjuk. N\u00e9gyzetm\u00e9terenk\u00e9nt 10 n\u00f6v\u00e9nyt hagyunk.<\/p>\n<p>A csomag 1 gr magot tartalmaz<\/p>\n","protected":false},"featured_media":28461,"comment_status":"closed","ping_status":"closed","template":"","meta":[],"product_brand":[],"product_cat":[449],"product_tag":[],"class_list":{"0":"post-28460","1":"product","2":"type-product","3":"status-publish","4":"has-post-thumbnail","6":"product_cat-zoldseg-vetomagok-redei-kertimag","8":"first","9":"instock","10":"taxable","11":"shipping-taxable","12":"purchasable","13":"product-type-simple"},"_links":{"self":[{"href":"https:\/\/chilimag.hu\/webshop\/wp-json\/wp\/v2\/product\/28460","targetHints":{"allow":["GET"]}}],"collection":[{"href":"https:\/\/chilimag.hu\/webshop\/wp-json\/wp\/v2\/product"}],"about":[{"href":"https:\/\/chilimag.hu\/webshop\/wp-json\/wp\/v2\/types\/product"}],"replies":[{"embeddable":true,"href":"https:\/\/chilimag.hu\/webshop\/wp-json\/wp\/v2\/comments?post=28460"}],"wp:featuredmedia":[{"embeddable":true,"href":"https:\/\/chilimag.hu\/webshop\/wp-json\/wp\/v2\/media\/28461"}],"wp:attachment":[{"href":"https:\/\/chilimag.hu\/webshop\/wp-json\/wp\/v2\/media?parent=28460"}],"wp:term":[{"taxonomy":"product_brand","embeddable":true,"href":"https:\/\/chilimag.hu\/webshop\/wp-json\/wp\/v2\/product_brand?post=28460"},{"taxonomy":"product_cat","embeddable":true,"href":"https:\/\/chilimag.hu\/webshop\/wp-json\/wp\/v2\/product_cat?post=28460"},{"taxonomy":"product_tag","embeddable":true,"href":"https:\/\/chilimag.hu\/webshop\/wp-json\/wp\/v2\/product_tag?post=28460"}],"curies":[{"name":"wp","href":"https:\/\/api.w.org\/{rel}","templated":true}]}}