{"id":28457,"date":"2024-01-31T08:16:23","date_gmt":"2024-01-31T08:16:23","guid":{"rendered":"https:\/\/chilimag.hu\/webshop\/?post_type=product&#038;p=28457"},"modified":"2026-04-09T13:26:26","modified_gmt":"2026-04-09T13:26:26","slug":"articsoka-delikatesz-rk","status":"publish","type":"product","link":"https:\/\/chilimag.hu\/webshop\/termek\/articsoka-delikatesz-rk\/","title":{"rendered":"Artics\u00f3ka Delik\u00e1tesz RK"},"content":{"rendered":"","protected":false},"excerpt":{"rendered":"<p>\u00cdzletes 1,5-2 m magasra n\u00f6v\u0151 z\u00f6lds\u00e9g- \u00e9s gy\u00f3gyn\u00f6v\u00e9ny. H\u00fasos, arom\u00e1s bimb\u00f3it fogyasztjuk. Kar\u00e9jozott levelei \u00e9s sz\u00e1ra t\u00fcsk\u00e9s. A n\u00f6v\u00e9nyt a t\u00e9li fagyokt\u00f3l a t\u00f6vek betakar\u00e1s\u00e1val v\u00e9dj\u00fck.<\/p>\n<p>A csomag 1 gr magot tartalmaz<\/p>\n","protected":false},"featured_media":28458,"comment_status":"closed","ping_status":"closed","template":"","meta":[],"product_brand":[],"product_cat":[449],"product_tag":[],"class_list":{"0":"post-28457","1":"product","2":"type-product","3":"status-publish","4":"has-post-thumbnail","6":"product_cat-zoldseg-vetomagok-redei-kertimag","8":"first","9":"instock","10":"taxable","11":"shipping-taxable","12":"purchasable","13":"product-type-simple"},"_links":{"self":[{"href":"https:\/\/chilimag.hu\/webshop\/wp-json\/wp\/v2\/product\/28457","targetHints":{"allow":["GET"]}}],"collection":[{"href":"https:\/\/chilimag.hu\/webshop\/wp-json\/wp\/v2\/product"}],"about":[{"href":"https:\/\/chilimag.hu\/webshop\/wp-json\/wp\/v2\/types\/product"}],"replies":[{"embeddable":true,"href":"https:\/\/chilimag.hu\/webshop\/wp-json\/wp\/v2\/comments?post=28457"}],"wp:featuredmedia":[{"embeddable":true,"href":"https:\/\/chilimag.hu\/webshop\/wp-json\/wp\/v2\/media\/28458"}],"wp:attachment":[{"href":"https:\/\/chilimag.hu\/webshop\/wp-json\/wp\/v2\/media?parent=28457"}],"wp:term":[{"taxonomy":"product_brand","embeddable":true,"href":"https:\/\/chilimag.hu\/webshop\/wp-json\/wp\/v2\/product_brand?post=28457"},{"taxonomy":"product_cat","embeddable":true,"href":"https:\/\/chilimag.hu\/webshop\/wp-json\/wp\/v2\/product_cat?post=28457"},{"taxonomy":"product_tag","embeddable":true,"href":"https:\/\/chilimag.hu\/webshop\/wp-json\/wp\/v2\/product_tag?post=28457"}],"curies":[{"name":"wp","href":"https:\/\/api.w.org\/{rel}","templated":true}]}}