{"id":28452,"date":"2024-01-31T08:10:17","date_gmt":"2024-01-31T08:10:17","guid":{"rendered":"https:\/\/chilimag.hu\/webshop\/?post_type=product&#038;p=28452"},"modified":"2026-03-20T14:28:48","modified_gmt":"2026-03-20T14:28:48","slug":"paprika-bohocsapka-delikatesz-rk","status":"publish","type":"product","link":"https:\/\/chilimag.hu\/webshop\/termek\/paprika-bohocsapka-delikatesz-rk\/","title":{"rendered":"Paprika Boh\u00f3csapka Delik\u00e1tesz RK"},"content":{"rendered":"","protected":false},"excerpt":{"rendered":"<p>B\u0151term\u0151 paprika k\u00fcl\u00f6nlegess\u00e9g. A n\u00f6v\u00e9ny 80-100 cm magasra n\u0151, ez\u00e9rt kar\u00f3zzuk \u00e9s k\u00f6t\u00f6zz\u00fck ak\u00e1r a paradicsomot. Cs\u00fcng\u0151 \u00e1ll\u00e1s\u00fa bogy\u00f3inak form\u00e1ja tulip\u00e1nhoz hasonl\u00f3. Halv\u00e1nyz\u00f6ldb\u0151l \u00e9l\u00e9nkpirosra \u00e9rik. Cs\u00edp\u0151ss\u00e9ge v\u00e1ltoz\u00f3 intenzit\u00e1s\u00fa. Meleg- \u00e9s napf\u00e9nyig\u00e9nyes.<\/p>\n<p>A csomag 20 szem magot tartalmaz<\/p>\n","protected":false},"featured_media":28453,"comment_status":"closed","ping_status":"closed","template":"","meta":[],"product_brand":[],"product_cat":[429],"product_tag":[],"class_list":{"0":"post-28452","1":"product","2":"type-product","3":"status-publish","4":"has-post-thumbnail","6":"product_cat-paprika-vetomagok-redei-kertimag","8":"first","9":"instock","10":"taxable","11":"shipping-taxable","12":"purchasable","13":"product-type-simple"},"_links":{"self":[{"href":"https:\/\/chilimag.hu\/webshop\/wp-json\/wp\/v2\/product\/28452","targetHints":{"allow":["GET"]}}],"collection":[{"href":"https:\/\/chilimag.hu\/webshop\/wp-json\/wp\/v2\/product"}],"about":[{"href":"https:\/\/chilimag.hu\/webshop\/wp-json\/wp\/v2\/types\/product"}],"replies":[{"embeddable":true,"href":"https:\/\/chilimag.hu\/webshop\/wp-json\/wp\/v2\/comments?post=28452"}],"wp:featuredmedia":[{"embeddable":true,"href":"https:\/\/chilimag.hu\/webshop\/wp-json\/wp\/v2\/media\/28453"}],"wp:attachment":[{"href":"https:\/\/chilimag.hu\/webshop\/wp-json\/wp\/v2\/media?parent=28452"}],"wp:term":[{"taxonomy":"product_brand","embeddable":true,"href":"https:\/\/chilimag.hu\/webshop\/wp-json\/wp\/v2\/product_brand?post=28452"},{"taxonomy":"product_cat","embeddable":true,"href":"https:\/\/chilimag.hu\/webshop\/wp-json\/wp\/v2\/product_cat?post=28452"},{"taxonomy":"product_tag","embeddable":true,"href":"https:\/\/chilimag.hu\/webshop\/wp-json\/wp\/v2\/product_tag?post=28452"}],"curies":[{"name":"wp","href":"https:\/\/api.w.org\/{rel}","templated":true}]}}