{"id":28448,"date":"2024-01-31T08:05:39","date_gmt":"2024-01-31T08:05:39","guid":{"rendered":"https:\/\/chilimag.hu\/webshop\/?post_type=product&#038;p=28448"},"modified":"2026-03-20T14:30:18","modified_gmt":"2026-03-20T14:30:18","slug":"paprika-jalapeno-delikatesz-rk","status":"publish","type":"product","link":"https:\/\/chilimag.hu\/webshop\/termek\/paprika-jalapeno-delikatesz-rk\/","title":{"rendered":"Paprika Jalapeno Delik\u00e1tesz RK"},"content":{"rendered":"","protected":false},"excerpt":{"rendered":"<p>Az egyik legismertebb chilipaprika. A n\u00f6v\u00e9ny 75-80 cm magasra n\u0151. Z\u00f6m\u00f6k, tompa v\u00e9g\u0171 bogy\u00f3i 6-8 cm hossz\u00faak, 2-2,5 cm sz\u00e9lesek, s\u00f6t\u00e9tz\u00f6ldb\u0151l \u00e9l\u00e9nkpirosra \u00e9rnek. Meleg- \u00e9s napf\u00e9nyig\u00e9nyesek. Szabadf\u00f6ldi \u00e9s \u00fcvegh\u00e1zi termeszt\u00e9sre aj\u00e1nlott, de cser\u00e9pben is nevelhet\u0151. Els\u0151sorban z\u00f6lden haszn\u00e1lj\u00e1k salsa sz\u00f3szokhoz, de savany\u00fas\u00e1gokban is k\u00edv\u00e1l\u00f3.<\/p>\n<p>A csomag 20 szem magot tartalmaz<\/p>\n","protected":false},"featured_media":28449,"comment_status":"closed","ping_status":"closed","template":"","meta":[],"product_brand":[],"product_cat":[429],"product_tag":[],"class_list":{"0":"post-28448","1":"product","2":"type-product","3":"status-publish","4":"has-post-thumbnail","6":"product_cat-paprika-vetomagok-redei-kertimag","8":"first","9":"instock","10":"taxable","11":"shipping-taxable","12":"purchasable","13":"product-type-simple"},"_links":{"self":[{"href":"https:\/\/chilimag.hu\/webshop\/wp-json\/wp\/v2\/product\/28448","targetHints":{"allow":["GET"]}}],"collection":[{"href":"https:\/\/chilimag.hu\/webshop\/wp-json\/wp\/v2\/product"}],"about":[{"href":"https:\/\/chilimag.hu\/webshop\/wp-json\/wp\/v2\/types\/product"}],"replies":[{"embeddable":true,"href":"https:\/\/chilimag.hu\/webshop\/wp-json\/wp\/v2\/comments?post=28448"}],"wp:featuredmedia":[{"embeddable":true,"href":"https:\/\/chilimag.hu\/webshop\/wp-json\/wp\/v2\/media\/28449"}],"wp:attachment":[{"href":"https:\/\/chilimag.hu\/webshop\/wp-json\/wp\/v2\/media?parent=28448"}],"wp:term":[{"taxonomy":"product_brand","embeddable":true,"href":"https:\/\/chilimag.hu\/webshop\/wp-json\/wp\/v2\/product_brand?post=28448"},{"taxonomy":"product_cat","embeddable":true,"href":"https:\/\/chilimag.hu\/webshop\/wp-json\/wp\/v2\/product_cat?post=28448"},{"taxonomy":"product_tag","embeddable":true,"href":"https:\/\/chilimag.hu\/webshop\/wp-json\/wp\/v2\/product_tag?post=28448"}],"curies":[{"name":"wp","href":"https:\/\/api.w.org\/{rel}","templated":true}]}}