{"id":28445,"date":"2024-01-31T08:02:17","date_gmt":"2024-01-31T08:02:17","guid":{"rendered":"https:\/\/chilimag.hu\/webshop\/?post_type=product&#038;p=28445"},"modified":"2026-02-10T12:55:58","modified_gmt":"2026-02-10T12:55:58","slug":"paprika-cayenne-delikatesz-rk","status":"publish","type":"product","link":"https:\/\/chilimag.hu\/webshop\/termek\/paprika-cayenne-delikatesz-rk\/","title":{"rendered":"Paprika Cayenne Delik\u00e1tesz RK"},"content":{"rendered":"","protected":false},"excerpt":{"rendered":"<p>Az egyik legismertebb, magas kapszaicin tartalm\u00fa paprikafajta. 60-80 cm magasra n\u0151. Bogy\u00f3i 10-12 cm hossz\u00faak, v\u00e9konyak, s\u00f6t\u00e9tz\u00f6ldb\u0151l \u00e9l\u00e9nkpirosra \u00e9rnek, hegy\u00fck kiss\u00e9 meghajlik. Meleg- \u00e9s napf\u00e9nyig\u00e9nyes. Szabadf\u00f6ldi \u00e9s \u00fcvegh\u00e1zi termeszt\u00e9sre aj\u00e1nlott, de cser\u00e9pben is nevelhet\u0151. T\u00e9lire vigy\u00fck meleg helyre \u00e9s teleltess\u00fck \u00e1t. Els\u0151sorban sz\u00e1r\u00edtva tart\u00f3s\u00edtj\u00e1k, de savany\u00fas\u00e1gokban \u00e9s sz\u00f3szokban is k\u00edv\u00e1l\u00f3.<\/p>\n<p>A csomag 20 szem magot tartalmaz<\/p>\n","protected":false},"featured_media":28446,"comment_status":"closed","ping_status":"closed","template":"","meta":[],"product_brand":[],"product_cat":[429],"product_tag":[],"class_list":{"0":"post-28445","1":"product","2":"type-product","3":"status-publish","4":"has-post-thumbnail","6":"product_cat-paprika-vetomagok-redei-kertimag","8":"first","9":"instock","10":"taxable","11":"shipping-taxable","12":"purchasable","13":"product-type-simple"},"_links":{"self":[{"href":"https:\/\/chilimag.hu\/webshop\/wp-json\/wp\/v2\/product\/28445","targetHints":{"allow":["GET"]}}],"collection":[{"href":"https:\/\/chilimag.hu\/webshop\/wp-json\/wp\/v2\/product"}],"about":[{"href":"https:\/\/chilimag.hu\/webshop\/wp-json\/wp\/v2\/types\/product"}],"replies":[{"embeddable":true,"href":"https:\/\/chilimag.hu\/webshop\/wp-json\/wp\/v2\/comments?post=28445"}],"wp:featuredmedia":[{"embeddable":true,"href":"https:\/\/chilimag.hu\/webshop\/wp-json\/wp\/v2\/media\/28446"}],"wp:attachment":[{"href":"https:\/\/chilimag.hu\/webshop\/wp-json\/wp\/v2\/media?parent=28445"}],"wp:term":[{"taxonomy":"product_brand","embeddable":true,"href":"https:\/\/chilimag.hu\/webshop\/wp-json\/wp\/v2\/product_brand?post=28445"},{"taxonomy":"product_cat","embeddable":true,"href":"https:\/\/chilimag.hu\/webshop\/wp-json\/wp\/v2\/product_cat?post=28445"},{"taxonomy":"product_tag","embeddable":true,"href":"https:\/\/chilimag.hu\/webshop\/wp-json\/wp\/v2\/product_tag?post=28445"}],"curies":[{"name":"wp","href":"https:\/\/api.w.org\/{rel}","templated":true}]}}