{"id":28443,"date":"2024-01-31T07:58:48","date_gmt":"2024-01-31T07:58:48","guid":{"rendered":"https:\/\/chilimag.hu\/webshop\/?post_type=product&#038;p=28443"},"modified":"2026-03-04T09:55:23","modified_gmt":"2026-03-04T09:55:23","slug":"paprika-habanero-piros-delikatesz-rk","status":"publish","type":"product","link":"https:\/\/chilimag.hu\/webshop\/termek\/paprika-habanero-piros-delikatesz-rk\/","title":{"rendered":"Paprika Habanero Piros Delik\u00e1tesz RK"},"content":{"rendered":"","protected":false},"excerpt":{"rendered":"<p>Rendk\u00edv\u00fcl magas kapszaicin tartalm\u00fa paprikafajta. 70 cm magasra n\u0151. Bogy\u00f3i lampion form\u00e1j\u00faak, v\u00e9konyh\u00fas\u00faak, z\u00f6ldb\u0151l piros sz\u00edn\u0171re \u00e9rnek. \u00cdze rendk\u00edv\u00fcl cs\u00edp\u0151s, arom\u00e1s. Szabadf\u00f6ldi- \u00e9s \u00fcvegh\u00e1zi nevel\u00e9sre aj\u00e1nlott. Lassan fejl\u0151dik, ez\u00e9rt meleg \u00e9s napos helyre van sz\u00fcks\u00e9ge. T\u00e9lire vigy\u00fck meleg helyre \u00e9s teleltess\u00fck \u00e1t. Frissen sal\u00e1t\u00e1ba, vagy sz\u00e1r\u00edtva fogyasszuk.<\/p>\n<p>A csomag 20 szem magot tartalmaz<\/p>\n","protected":false},"featured_media":28444,"comment_status":"closed","ping_status":"closed","template":"","meta":[],"product_brand":[],"product_cat":[429],"product_tag":[],"class_list":{"0":"post-28443","1":"product","2":"type-product","3":"status-publish","4":"has-post-thumbnail","6":"product_cat-paprika-vetomagok-redei-kertimag","8":"first","9":"instock","10":"taxable","11":"shipping-taxable","12":"purchasable","13":"product-type-simple"},"_links":{"self":[{"href":"https:\/\/chilimag.hu\/webshop\/wp-json\/wp\/v2\/product\/28443","targetHints":{"allow":["GET"]}}],"collection":[{"href":"https:\/\/chilimag.hu\/webshop\/wp-json\/wp\/v2\/product"}],"about":[{"href":"https:\/\/chilimag.hu\/webshop\/wp-json\/wp\/v2\/types\/product"}],"replies":[{"embeddable":true,"href":"https:\/\/chilimag.hu\/webshop\/wp-json\/wp\/v2\/comments?post=28443"}],"wp:featuredmedia":[{"embeddable":true,"href":"https:\/\/chilimag.hu\/webshop\/wp-json\/wp\/v2\/media\/28444"}],"wp:attachment":[{"href":"https:\/\/chilimag.hu\/webshop\/wp-json\/wp\/v2\/media?parent=28443"}],"wp:term":[{"taxonomy":"product_brand","embeddable":true,"href":"https:\/\/chilimag.hu\/webshop\/wp-json\/wp\/v2\/product_brand?post=28443"},{"taxonomy":"product_cat","embeddable":true,"href":"https:\/\/chilimag.hu\/webshop\/wp-json\/wp\/v2\/product_cat?post=28443"},{"taxonomy":"product_tag","embeddable":true,"href":"https:\/\/chilimag.hu\/webshop\/wp-json\/wp\/v2\/product_tag?post=28443"}],"curies":[{"name":"wp","href":"https:\/\/api.w.org\/{rel}","templated":true}]}}