{"id":28440,"date":"2024-01-31T07:56:21","date_gmt":"2024-01-31T07:56:21","guid":{"rendered":"https:\/\/chilimag.hu\/webshop\/?post_type=product&#038;p=28440"},"modified":"2026-03-27T16:45:18","modified_gmt":"2026-03-27T16:45:18","slug":"paprika-habanero-narancs-delikatesz-rk","status":"publish","type":"product","link":"https:\/\/chilimag.hu\/webshop\/termek\/paprika-habanero-narancs-delikatesz-rk\/","title":{"rendered":"Paprika Habanero Narancs Delik\u00e1tesz RK"},"content":{"rendered":"","protected":false},"excerpt":{"rendered":"<p>Rendk\u00edv\u00fcl magas kapszaicin tartalm\u00fa paprikafajta. 70 cm magasra n\u0151. Bogy\u00f3i lampion form\u00e1j\u00faak, v\u00e9konyh\u00fas\u00faak, z\u00f6ldb\u0151l narancss\u00e1rg\u00e1ra \u00e9rnek. \u00cdze rendk\u00edv\u00fcl cs\u00edp\u0151s, gy\u00fcm\u00f6lcs\u00f6s. Szabadf\u00f6ldi \u00e9s \u00fcvegh\u00e1zi nevel\u00e9sre aj\u00e1nlott. Lassan fejl\u0151di, ez\u00e9rt meleg helyre \u00e9s teleltess\u00fck \u00e1t. Frissen sal\u00e1t\u00e1ba vagy sz\u00e1r\u00edtva fogyasszuk.<\/p>\n<p>A csomag 20 szem magot tartalmaz<\/p>\n","protected":false},"featured_media":28441,"comment_status":"closed","ping_status":"closed","template":"","meta":[],"product_brand":[],"product_cat":[429],"product_tag":[],"class_list":{"0":"post-28440","1":"product","2":"type-product","3":"status-publish","4":"has-post-thumbnail","6":"product_cat-paprika-vetomagok-redei-kertimag","8":"first","9":"instock","10":"taxable","11":"shipping-taxable","12":"purchasable","13":"product-type-simple"},"_links":{"self":[{"href":"https:\/\/chilimag.hu\/webshop\/wp-json\/wp\/v2\/product\/28440","targetHints":{"allow":["GET"]}}],"collection":[{"href":"https:\/\/chilimag.hu\/webshop\/wp-json\/wp\/v2\/product"}],"about":[{"href":"https:\/\/chilimag.hu\/webshop\/wp-json\/wp\/v2\/types\/product"}],"replies":[{"embeddable":true,"href":"https:\/\/chilimag.hu\/webshop\/wp-json\/wp\/v2\/comments?post=28440"}],"wp:featuredmedia":[{"embeddable":true,"href":"https:\/\/chilimag.hu\/webshop\/wp-json\/wp\/v2\/media\/28441"}],"wp:attachment":[{"href":"https:\/\/chilimag.hu\/webshop\/wp-json\/wp\/v2\/media?parent=28440"}],"wp:term":[{"taxonomy":"product_brand","embeddable":true,"href":"https:\/\/chilimag.hu\/webshop\/wp-json\/wp\/v2\/product_brand?post=28440"},{"taxonomy":"product_cat","embeddable":true,"href":"https:\/\/chilimag.hu\/webshop\/wp-json\/wp\/v2\/product_cat?post=28440"},{"taxonomy":"product_tag","embeddable":true,"href":"https:\/\/chilimag.hu\/webshop\/wp-json\/wp\/v2\/product_tag?post=28440"}],"curies":[{"name":"wp","href":"https:\/\/api.w.org\/{rel}","templated":true}]}}