{"id":28428,"date":"2024-01-31T06:55:00","date_gmt":"2024-01-31T06:55:00","guid":{"rendered":"https:\/\/chilimag.hu\/webshop\/?post_type=product&#038;p=28428"},"modified":"2026-04-01T21:08:38","modified_gmt":"2026-04-01T21:08:38","slug":"paradicsom-krimi-fekete-delikatesz-rk","status":"publish","type":"product","link":"https:\/\/chilimag.hu\/webshop\/termek\/paradicsom-krimi-fekete-delikatesz-rk\/","title":{"rendered":"Paradicsom Krimi fekete Delik\u00e1tesz RK"},"content":{"rendered":"","protected":false},"excerpt":{"rendered":"<p>A fekete tenger mell\u0151l sz\u00e1rmaz\u00f3, er\u0151teljes n\u00f6veked\u00e9s\u0171 fajta. Bogy\u00f3ja lap\u00edtott g\u00f6mb alak\u00fa, nagyon \u00edzletes, \u00e1tlagt\u00f6mege 150-250g. A sz\u00edne ann\u00e1l s\u00f6t\u00e9tebb, min\u00e9l t\u00f6bb naps\u00fct\u00e9s \u00e9ri. Betegs\u00e9gekre nem \u00e9rz\u00e9keny fajta.<\/p>\n<p>A csomag 0.3 gr magot tartalmaz<\/p>\n","protected":false},"featured_media":28429,"comment_status":"closed","ping_status":"closed","template":"","meta":[],"product_brand":[],"product_cat":[430],"product_tag":[],"class_list":{"0":"post-28428","1":"product","2":"type-product","3":"status-publish","4":"has-post-thumbnail","6":"product_cat-paradicsom-vetomagok-redei-kertimag","8":"first","9":"instock","10":"taxable","11":"shipping-taxable","12":"purchasable","13":"product-type-simple"},"_links":{"self":[{"href":"https:\/\/chilimag.hu\/webshop\/wp-json\/wp\/v2\/product\/28428","targetHints":{"allow":["GET"]}}],"collection":[{"href":"https:\/\/chilimag.hu\/webshop\/wp-json\/wp\/v2\/product"}],"about":[{"href":"https:\/\/chilimag.hu\/webshop\/wp-json\/wp\/v2\/types\/product"}],"replies":[{"embeddable":true,"href":"https:\/\/chilimag.hu\/webshop\/wp-json\/wp\/v2\/comments?post=28428"}],"wp:featuredmedia":[{"embeddable":true,"href":"https:\/\/chilimag.hu\/webshop\/wp-json\/wp\/v2\/media\/28429"}],"wp:attachment":[{"href":"https:\/\/chilimag.hu\/webshop\/wp-json\/wp\/v2\/media?parent=28428"}],"wp:term":[{"taxonomy":"product_brand","embeddable":true,"href":"https:\/\/chilimag.hu\/webshop\/wp-json\/wp\/v2\/product_brand?post=28428"},{"taxonomy":"product_cat","embeddable":true,"href":"https:\/\/chilimag.hu\/webshop\/wp-json\/wp\/v2\/product_cat?post=28428"},{"taxonomy":"product_tag","embeddable":true,"href":"https:\/\/chilimag.hu\/webshop\/wp-json\/wp\/v2\/product_tag?post=28428"}],"curies":[{"name":"wp","href":"https:\/\/api.w.org\/{rel}","templated":true}]}}