{"id":28417,"date":"2024-01-31T06:43:03","date_gmt":"2024-01-31T06:43:03","guid":{"rendered":"https:\/\/chilimag.hu\/webshop\/?post_type=product&#038;p=28417"},"modified":"2026-03-20T14:58:30","modified_gmt":"2026-03-20T14:58:30","slug":"sargarepa-napa-f1-pannon-rk","status":"publish","type":"product","link":"https:\/\/chilimag.hu\/webshop\/termek\/sargarepa-napa-f1-pannon-rk\/","title":{"rendered":"S\u00e1rgar\u00e9pa Napa F1 Pannon RK"},"content":{"rendered":"","protected":false},"excerpt":{"rendered":"<p>N\u00e1nti t\u00edpus<\/p>\n<p>Korai \u00e9s friss fogyaszt\u00e1sra \u00e9s t\u00e1rol\u00e1sra is alkalmas hibrid. Term\u00e9se egy\u00f6ntet\u0171, sima hengeres, sz\u00e9pen lekerek\u00edtett v\u00e9g\u0171.<\/p>\n<p>A csomag 0.5 gr magot tartalmaz<\/p>\n","protected":false},"featured_media":28418,"comment_status":"closed","ping_status":"closed","template":"","meta":[],"product_brand":[],"product_cat":[449],"product_tag":[],"class_list":{"0":"post-28417","1":"product","2":"type-product","3":"status-publish","4":"has-post-thumbnail","6":"product_cat-zoldseg-vetomagok-redei-kertimag","8":"first","9":"instock","10":"taxable","11":"shipping-taxable","12":"purchasable","13":"product-type-simple"},"_links":{"self":[{"href":"https:\/\/chilimag.hu\/webshop\/wp-json\/wp\/v2\/product\/28417","targetHints":{"allow":["GET"]}}],"collection":[{"href":"https:\/\/chilimag.hu\/webshop\/wp-json\/wp\/v2\/product"}],"about":[{"href":"https:\/\/chilimag.hu\/webshop\/wp-json\/wp\/v2\/types\/product"}],"replies":[{"embeddable":true,"href":"https:\/\/chilimag.hu\/webshop\/wp-json\/wp\/v2\/comments?post=28417"}],"wp:featuredmedia":[{"embeddable":true,"href":"https:\/\/chilimag.hu\/webshop\/wp-json\/wp\/v2\/media\/28418"}],"wp:attachment":[{"href":"https:\/\/chilimag.hu\/webshop\/wp-json\/wp\/v2\/media?parent=28417"}],"wp:term":[{"taxonomy":"product_brand","embeddable":true,"href":"https:\/\/chilimag.hu\/webshop\/wp-json\/wp\/v2\/product_brand?post=28417"},{"taxonomy":"product_cat","embeddable":true,"href":"https:\/\/chilimag.hu\/webshop\/wp-json\/wp\/v2\/product_cat?post=28417"},{"taxonomy":"product_tag","embeddable":true,"href":"https:\/\/chilimag.hu\/webshop\/wp-json\/wp\/v2\/product_tag?post=28417"}],"curies":[{"name":"wp","href":"https:\/\/api.w.org\/{rel}","templated":true}]}}