{"id":28405,"date":"2024-01-30T20:21:52","date_gmt":"2024-01-30T20:21:52","guid":{"rendered":"https:\/\/chilimag.hu\/webshop\/?post_type=product&#038;p=28405"},"modified":"2025-01-02T20:00:57","modified_gmt":"2025-01-02T20:00:57","slug":"rozsas-kerti-terdelo-parna-rd36","status":"publish","type":"product","link":"https:\/\/chilimag.hu\/webshop\/termek\/rozsas-kerti-terdelo-parna-rd36\/","title":{"rendered":"R\u00f3zs\u00e1s Kerti t\u00e9rdel\u0151 p\u00e1rna RD36"},"content":{"rendered":"","protected":false},"excerpt":{"rendered":"<p>M\u00e9ret:40 \u00d7 26 \u00d7 9 cm<\/p>\n","protected":false},"featured_media":28407,"comment_status":"closed","ping_status":"closed","template":"","meta":[],"product_brand":[],"product_cat":[448],"product_tag":[],"class_list":{"0":"post-28405","1":"product","2":"type-product","3":"status-publish","4":"has-post-thumbnail","6":"product_cat-kerti-ruhazat-es-kiegeszitok","8":"first","9":"instock","10":"taxable","11":"shipping-taxable","12":"purchasable","13":"product-type-simple"},"_links":{"self":[{"href":"https:\/\/chilimag.hu\/webshop\/wp-json\/wp\/v2\/product\/28405","targetHints":{"allow":["GET"]}}],"collection":[{"href":"https:\/\/chilimag.hu\/webshop\/wp-json\/wp\/v2\/product"}],"about":[{"href":"https:\/\/chilimag.hu\/webshop\/wp-json\/wp\/v2\/types\/product"}],"replies":[{"embeddable":true,"href":"https:\/\/chilimag.hu\/webshop\/wp-json\/wp\/v2\/comments?post=28405"}],"wp:featuredmedia":[{"embeddable":true,"href":"https:\/\/chilimag.hu\/webshop\/wp-json\/wp\/v2\/media\/28407"}],"wp:attachment":[{"href":"https:\/\/chilimag.hu\/webshop\/wp-json\/wp\/v2\/media?parent=28405"}],"wp:term":[{"taxonomy":"product_brand","embeddable":true,"href":"https:\/\/chilimag.hu\/webshop\/wp-json\/wp\/v2\/product_brand?post=28405"},{"taxonomy":"product_cat","embeddable":true,"href":"https:\/\/chilimag.hu\/webshop\/wp-json\/wp\/v2\/product_cat?post=28405"},{"taxonomy":"product_tag","embeddable":true,"href":"https:\/\/chilimag.hu\/webshop\/wp-json\/wp\/v2\/product_tag?post=28405"}],"curies":[{"name":"wp","href":"https:\/\/api.w.org\/{rel}","templated":true}]}}