{"id":284,"date":"2014-11-09T17:35:26","date_gmt":"2014-11-09T17:35:26","guid":{"rendered":"https:\/\/chilimag.hu\/webshop\/?post_type=product&#038;p=284"},"modified":"2025-08-11T09:19:49","modified_gmt":"2025-08-11T09:19:49","slug":"pasilla-bajio","status":"publish","type":"product","link":"https:\/\/chilimag.hu\/webshop\/termek\/pasilla-bajio\/","title":{"rendered":"Pasilla Bajio"},"content":{"rendered":"","protected":false},"excerpt":{"rendered":"<p><img decoding=\"async\" src=\"https:\/\/chilimag.hu\/webshop\/wp-content\/uploads\/2014\/11\/chilimag-logo-2-150x150.jpg\" \/><\/p>\n<p>&nbsp;<\/p>\n<p>Le\u00edr\u00e1s<\/p>\n<p>A Pasilla Bajio Chili egy \u00e9rdekes s\u00f6t\u00e9tbarna-fekete fajta, \u00e9s nagyon h\u00edres Mexik\u00f3ban \u00e9s az Egyes\u00fclt \u00c1llamok d\u00e9lnyugati r\u00e9sz\u00e9n. A n\u00f6v\u00e9nyek bokrosan n\u0151nek, \u00e9s el\u00e9rhetik a 90 cm-es magass\u00e1got. A legfeljebb 15 cm hossz\u00fa chili z\u00f6ldt\u0151l s\u00f6t\u00e9tbarn\u00e1ig \u00e9rik, enyhe meleg, gy\u00fcm\u00f6lcs\u00f6s \u00e9s f\u00fcst\u00f6s \u00edz\u0171. Ez\u00e9rt hagyom\u00e1nyosan levesekhez, p\u00f6rk\u00f6ltekhez, rakott \u00e9telekhez \u00e9s sals\u00e1hoz haszn\u00e1lj\u00e1k. De ide\u00e1lisak p\u00f6rk\u00f6l\u00e9shez, sz\u00e1r\u00edt\u00e1shoz \u00e9s porgy\u00e1rt\u00e1shoz is.<\/p>\n<p>Gondoz\u00e1sa: A cs\u00edr\u00e1z\u00e1si h\u0151m\u00e9rs\u00e9klet 20 \u00e9s 28\u00b0C k\u00f6z\u00f6tt van (7-20 napos cs\u00edr\u00e1z\u00e1si id\u0151), ez\u00e9rt \u00fcvegh\u00e1z \u00e9s f\u0171t\u0151sz\u0151nyeg haszn\u00e1lata javasolt. A n\u00f6v\u00e9nyeknek friss, j\u00f3l tr\u00e1gy\u00e1zott, v\u00edz\u00e1tereszt\u0151 talajra van sz\u00fcks\u00e9g\u00fck, nem t\u0171rik a bevizesed\u00e9st. Napos, v\u00e9dett helyre kell \u00fcltetni, ahol legal\u00e1bb 6 \u00f3ra napf\u00e9ny \u2013 lehet\u0151leg t\u00f6bb. Tedd ki a n\u00f6v\u00e9nyeket kb. 2-3 h\u00e9ttel az utols\u00f3 fagy ut\u00e1n.<\/p>\n<p>Capsicum annuum t\u00edpus<br \/>\n4. h\u0151fok<br \/>\nScoville 1500 &#8211; 2500 SHU<br \/>\noptim\u00e1lis cs\u00edr\u00e1z\u00e1si h\u0151m\u00e9rs\u00e9klet 20 &#8211; 28 \u00b0C<br \/>\nVet\u00e9s febru\u00e1r &#8211; \u00e1pr.<br \/>\nVir\u00e1gok feh\u00e9rek (m\u00e1jus-j\u00falius)<br \/>\nN\u00f6v\u00e9nyn\u00f6veked\u00e9si szok\u00e1s bokros, kb. 85 cm magas<br \/>\nZ\u00f6ldt\u0151l s\u00f6t\u00e9tbarn\u00e1ig \u00e9rik<br \/>\nGy\u00fcm\u00f6lcs megjelen\u00e9se kb. 3 x 14 cm<br \/>\n\u00c9r\u00e9si id\u0151 85 nap<br \/>\nSz\u00e1rmaz\u00e1si hely Mexik\u00f3<\/p>\n<p>&nbsp;<\/p>\n<p>A csomag 10 szem \u00a0magot tartalmaz<\/p>\n","protected":false},"featured_media":3196,"comment_status":"open","ping_status":"closed","template":"","meta":[],"product_brand":[],"product_cat":[8],"product_tag":[],"class_list":{"0":"post-284","1":"product","2":"type-product","3":"status-publish","4":"has-post-thumbnail","6":"product_cat-paprika","8":"first","9":"instock","10":"taxable","11":"shipping-taxable","12":"purchasable","13":"product-type-simple"},"_links":{"self":[{"href":"https:\/\/chilimag.hu\/webshop\/wp-json\/wp\/v2\/product\/284","targetHints":{"allow":["GET"]}}],"collection":[{"href":"https:\/\/chilimag.hu\/webshop\/wp-json\/wp\/v2\/product"}],"about":[{"href":"https:\/\/chilimag.hu\/webshop\/wp-json\/wp\/v2\/types\/product"}],"replies":[{"embeddable":true,"href":"https:\/\/chilimag.hu\/webshop\/wp-json\/wp\/v2\/comments?post=284"}],"wp:featuredmedia":[{"embeddable":true,"href":"https:\/\/chilimag.hu\/webshop\/wp-json\/wp\/v2\/media\/3196"}],"wp:attachment":[{"href":"https:\/\/chilimag.hu\/webshop\/wp-json\/wp\/v2\/media?parent=284"}],"wp:term":[{"taxonomy":"product_brand","embeddable":true,"href":"https:\/\/chilimag.hu\/webshop\/wp-json\/wp\/v2\/product_brand?post=284"},{"taxonomy":"product_cat","embeddable":true,"href":"https:\/\/chilimag.hu\/webshop\/wp-json\/wp\/v2\/product_cat?post=284"},{"taxonomy":"product_tag","embeddable":true,"href":"https:\/\/chilimag.hu\/webshop\/wp-json\/wp\/v2\/product_tag?post=284"}],"curies":[{"name":"wp","href":"https:\/\/api.w.org\/{rel}","templated":true}]}}