{"id":28343,"date":"2024-01-30T13:01:22","date_gmt":"2024-01-30T13:01:22","guid":{"rendered":"https:\/\/chilimag.hu\/webshop\/?post_type=product&#038;p=28343"},"modified":"2026-03-26T15:42:30","modified_gmt":"2026-03-26T15:42:30","slug":"karalabe-troja-f1-pannon-rk","status":"publish","type":"product","link":"https:\/\/chilimag.hu\/webshop\/termek\/karalabe-troja-f1-pannon-rk\/","title":{"rendered":"Karal\u00e1b\u00e9 Tr\u00f3ja F1 Pannon RK"},"content":{"rendered":"","protected":false},"excerpt":{"rendered":"<p>Nagym\u00e9ret\u0171, g\u00f6mb\u00f6ly\u0171, feh\u00e9r h\u00fas\u00fa gum\u00f3t k\u00e9pez. Nem f\u00e1sod\u00f3.<\/p>\n<p>A csomag 0.3 gr magot tartalmaz<\/p>\n","protected":false},"featured_media":28344,"comment_status":"closed","ping_status":"closed","template":"","meta":[],"product_brand":[],"product_cat":[434],"product_tag":[],"class_list":{"0":"post-28343","1":"product","2":"type-product","3":"status-publish","4":"has-post-thumbnail","6":"product_cat-zeller-karalabe-cekla-vetomagok-redei-kertimag","8":"first","9":"instock","10":"taxable","11":"shipping-taxable","12":"purchasable","13":"product-type-simple"},"_links":{"self":[{"href":"https:\/\/chilimag.hu\/webshop\/wp-json\/wp\/v2\/product\/28343","targetHints":{"allow":["GET"]}}],"collection":[{"href":"https:\/\/chilimag.hu\/webshop\/wp-json\/wp\/v2\/product"}],"about":[{"href":"https:\/\/chilimag.hu\/webshop\/wp-json\/wp\/v2\/types\/product"}],"replies":[{"embeddable":true,"href":"https:\/\/chilimag.hu\/webshop\/wp-json\/wp\/v2\/comments?post=28343"}],"wp:featuredmedia":[{"embeddable":true,"href":"https:\/\/chilimag.hu\/webshop\/wp-json\/wp\/v2\/media\/28344"}],"wp:attachment":[{"href":"https:\/\/chilimag.hu\/webshop\/wp-json\/wp\/v2\/media?parent=28343"}],"wp:term":[{"taxonomy":"product_brand","embeddable":true,"href":"https:\/\/chilimag.hu\/webshop\/wp-json\/wp\/v2\/product_brand?post=28343"},{"taxonomy":"product_cat","embeddable":true,"href":"https:\/\/chilimag.hu\/webshop\/wp-json\/wp\/v2\/product_cat?post=28343"},{"taxonomy":"product_tag","embeddable":true,"href":"https:\/\/chilimag.hu\/webshop\/wp-json\/wp\/v2\/product_tag?post=28343"}],"curies":[{"name":"wp","href":"https:\/\/api.w.org\/{rel}","templated":true}]}}