{"id":28293,"date":"2024-01-30T09:32:09","date_gmt":"2024-01-30T09:32:09","guid":{"rendered":"https:\/\/chilimag.hu\/webshop\/?post_type=product&#038;p=28293"},"modified":"2026-03-24T11:50:50","modified_gmt":"2026-03-24T11:50:50","slug":"paprika-paloc-f1-pannon-rk","status":"publish","type":"product","link":"https:\/\/chilimag.hu\/webshop\/termek\/paprika-paloc-f1-pannon-rk\/","title":{"rendered":"Paprika Pal\u00f3c F1 Pannon RK"},"content":{"rendered":"","protected":false},"excerpt":{"rendered":"<p>Folytonn\u00f6v\u0151, extra korai hibrid. Bogy\u00f3ja hegyes, cs\u00edp\u0151s, halv\u00e1nyz\u00f6ld sz\u00edn\u0171, \u00e9retten piros.<\/p>\n<p>A csomag 20 szem magot tartalmaz<\/p>\n","protected":false},"featured_media":28294,"comment_status":"closed","ping_status":"closed","template":"","meta":[],"product_brand":[],"product_cat":[429],"product_tag":[],"class_list":{"0":"post-28293","1":"product","2":"type-product","3":"status-publish","4":"has-post-thumbnail","6":"product_cat-paprika-vetomagok-redei-kertimag","8":"first","9":"instock","10":"taxable","11":"shipping-taxable","12":"purchasable","13":"product-type-simple"},"_links":{"self":[{"href":"https:\/\/chilimag.hu\/webshop\/wp-json\/wp\/v2\/product\/28293","targetHints":{"allow":["GET"]}}],"collection":[{"href":"https:\/\/chilimag.hu\/webshop\/wp-json\/wp\/v2\/product"}],"about":[{"href":"https:\/\/chilimag.hu\/webshop\/wp-json\/wp\/v2\/types\/product"}],"replies":[{"embeddable":true,"href":"https:\/\/chilimag.hu\/webshop\/wp-json\/wp\/v2\/comments?post=28293"}],"wp:featuredmedia":[{"embeddable":true,"href":"https:\/\/chilimag.hu\/webshop\/wp-json\/wp\/v2\/media\/28294"}],"wp:attachment":[{"href":"https:\/\/chilimag.hu\/webshop\/wp-json\/wp\/v2\/media?parent=28293"}],"wp:term":[{"taxonomy":"product_brand","embeddable":true,"href":"https:\/\/chilimag.hu\/webshop\/wp-json\/wp\/v2\/product_brand?post=28293"},{"taxonomy":"product_cat","embeddable":true,"href":"https:\/\/chilimag.hu\/webshop\/wp-json\/wp\/v2\/product_cat?post=28293"},{"taxonomy":"product_tag","embeddable":true,"href":"https:\/\/chilimag.hu\/webshop\/wp-json\/wp\/v2\/product_tag?post=28293"}],"curies":[{"name":"wp","href":"https:\/\/api.w.org\/{rel}","templated":true}]}}