{"id":28247,"date":"2024-01-30T08:29:49","date_gmt":"2024-01-30T08:29:49","guid":{"rendered":"https:\/\/chilimag.hu\/webshop\/?post_type=product&#038;p=28247"},"modified":"2026-03-20T14:32:58","modified_gmt":"2026-03-20T14:32:58","slug":"paprika-tuzes-piros-pannon-rk","status":"publish","type":"product","link":"https:\/\/chilimag.hu\/webshop\/termek\/paprika-tuzes-piros-pannon-rk\/","title":{"rendered":"Paprika T\u00fczes Piros Pannon RK"},"content":{"rendered":"","protected":false},"excerpt":{"rendered":"<p>Korai, nagyon cs\u00edp\u0151s, hegyes, s\u00f6t\u00e9tz\u00f6ldb\u0151l pirosra \u00e9r\u0151. Bogy\u00f3ja 10 cm hossz\u00fa.<\/p>\n<p>A csomag 0.5 gr magot tartalmaz<\/p>\n","protected":false},"featured_media":28248,"comment_status":"closed","ping_status":"closed","template":"","meta":[],"product_brand":[],"product_cat":[429],"product_tag":[],"class_list":{"0":"post-28247","1":"product","2":"type-product","3":"status-publish","4":"has-post-thumbnail","6":"product_cat-paprika-vetomagok-redei-kertimag","8":"first","9":"instock","10":"taxable","11":"shipping-taxable","12":"purchasable","13":"product-type-simple"},"_links":{"self":[{"href":"https:\/\/chilimag.hu\/webshop\/wp-json\/wp\/v2\/product\/28247","targetHints":{"allow":["GET"]}}],"collection":[{"href":"https:\/\/chilimag.hu\/webshop\/wp-json\/wp\/v2\/product"}],"about":[{"href":"https:\/\/chilimag.hu\/webshop\/wp-json\/wp\/v2\/types\/product"}],"replies":[{"embeddable":true,"href":"https:\/\/chilimag.hu\/webshop\/wp-json\/wp\/v2\/comments?post=28247"}],"wp:featuredmedia":[{"embeddable":true,"href":"https:\/\/chilimag.hu\/webshop\/wp-json\/wp\/v2\/media\/28248"}],"wp:attachment":[{"href":"https:\/\/chilimag.hu\/webshop\/wp-json\/wp\/v2\/media?parent=28247"}],"wp:term":[{"taxonomy":"product_brand","embeddable":true,"href":"https:\/\/chilimag.hu\/webshop\/wp-json\/wp\/v2\/product_brand?post=28247"},{"taxonomy":"product_cat","embeddable":true,"href":"https:\/\/chilimag.hu\/webshop\/wp-json\/wp\/v2\/product_cat?post=28247"},{"taxonomy":"product_tag","embeddable":true,"href":"https:\/\/chilimag.hu\/webshop\/wp-json\/wp\/v2\/product_tag?post=28247"}],"curies":[{"name":"wp","href":"https:\/\/api.w.org\/{rel}","templated":true}]}}