{"id":28241,"date":"2024-01-30T08:24:11","date_gmt":"2024-01-30T08:24:11","guid":{"rendered":"https:\/\/chilimag.hu\/webshop\/?post_type=product&#038;p=28241"},"modified":"2026-03-20T14:31:03","modified_gmt":"2026-03-20T14:31:03","slug":"paprika-karminvoros-fuszerpaprika-pannon-rk","status":"publish","type":"product","link":"https:\/\/chilimag.hu\/webshop\/termek\/paprika-karminvoros-fuszerpaprika-pannon-rk\/","title":{"rendered":"Paprika K\u00e1rminv\u00f6r\u00f6s F\u0171szerpaprika Pannon RK"},"content":{"rendered":"","protected":false},"excerpt":{"rendered":"<p>Cs\u00edp\u0151ss\u00e9g n\u00e9lk\u00fcli, cs\u00fcng\u0151 term\u00e9s\u00e1ll\u00e1s\u00fa, folytonos n\u00f6veked\u00e9s\u0171 fajta. Magas a fest\u00e9ktartalma. Korai \u00e9r\u00e9s\u0171.<\/p>\n<p>A csomag 0,5 gr magot tartalmaz<\/p>\n","protected":false},"featured_media":28242,"comment_status":"closed","ping_status":"closed","template":"","meta":[],"product_brand":[],"product_cat":[429],"product_tag":[],"class_list":{"0":"post-28241","1":"product","2":"type-product","3":"status-publish","4":"has-post-thumbnail","6":"product_cat-paprika-vetomagok-redei-kertimag","8":"first","9":"instock","10":"taxable","11":"shipping-taxable","12":"purchasable","13":"product-type-simple"},"_links":{"self":[{"href":"https:\/\/chilimag.hu\/webshop\/wp-json\/wp\/v2\/product\/28241","targetHints":{"allow":["GET"]}}],"collection":[{"href":"https:\/\/chilimag.hu\/webshop\/wp-json\/wp\/v2\/product"}],"about":[{"href":"https:\/\/chilimag.hu\/webshop\/wp-json\/wp\/v2\/types\/product"}],"replies":[{"embeddable":true,"href":"https:\/\/chilimag.hu\/webshop\/wp-json\/wp\/v2\/comments?post=28241"}],"wp:featuredmedia":[{"embeddable":true,"href":"https:\/\/chilimag.hu\/webshop\/wp-json\/wp\/v2\/media\/28242"}],"wp:attachment":[{"href":"https:\/\/chilimag.hu\/webshop\/wp-json\/wp\/v2\/media?parent=28241"}],"wp:term":[{"taxonomy":"product_brand","embeddable":true,"href":"https:\/\/chilimag.hu\/webshop\/wp-json\/wp\/v2\/product_brand?post=28241"},{"taxonomy":"product_cat","embeddable":true,"href":"https:\/\/chilimag.hu\/webshop\/wp-json\/wp\/v2\/product_cat?post=28241"},{"taxonomy":"product_tag","embeddable":true,"href":"https:\/\/chilimag.hu\/webshop\/wp-json\/wp\/v2\/product_tag?post=28241"}],"curies":[{"name":"wp","href":"https:\/\/api.w.org\/{rel}","templated":true}]}}