{"id":28224,"date":"2024-01-30T06:51:16","date_gmt":"2024-01-30T06:51:16","guid":{"rendered":"https:\/\/chilimag.hu\/webshop\/?post_type=product&#038;p=28224"},"modified":"2024-03-12T04:58:10","modified_gmt":"2024-03-12T04:58:10","slug":"locsolotomlo-tarto-cb6","status":"publish","type":"product","link":"https:\/\/chilimag.hu\/webshop\/termek\/locsolotomlo-tarto-cb6\/","title":{"rendered":"Locsol\u00f3t\u00f6ml\u0151 tart\u00f3 CB6"},"content":{"rendered":"","protected":false},"excerpt":{"rendered":"<p>\u00d6nt\u00f6ttvas, falra r\u00f6gz\u00edthet\u0151 locsol\u00f3t\u00f6ml\u0151 tart\u00f3, amely megk\u00f6nny\u00edti a t\u00f6ml\u0151 t\u00e1rol\u00e1s\u00e1t, majd haszn\u00e1lat\u00e1t.<br \/>\nM\u00e9retei: magass\u00e1ga 29 cm, sz\u00e9less\u00e9ge 25 cm, m\u00e9lys\u00e9ge 16 cm.<\/p>\n","protected":false},"featured_media":28724,"comment_status":"closed","ping_status":"closed","template":"","meta":[],"product_brand":[],"product_cat":[467],"product_tag":[],"class_list":{"0":"post-28224","1":"product","2":"type-product","3":"status-publish","4":"has-post-thumbnail","6":"product_cat-locsolas-viz-es-talaj-vizsgalo-eszkozok","8":"first","9":"instock","10":"taxable","11":"shipping-taxable","12":"purchasable","13":"product-type-simple"},"_links":{"self":[{"href":"https:\/\/chilimag.hu\/webshop\/wp-json\/wp\/v2\/product\/28224","targetHints":{"allow":["GET"]}}],"collection":[{"href":"https:\/\/chilimag.hu\/webshop\/wp-json\/wp\/v2\/product"}],"about":[{"href":"https:\/\/chilimag.hu\/webshop\/wp-json\/wp\/v2\/types\/product"}],"replies":[{"embeddable":true,"href":"https:\/\/chilimag.hu\/webshop\/wp-json\/wp\/v2\/comments?post=28224"}],"wp:featuredmedia":[{"embeddable":true,"href":"https:\/\/chilimag.hu\/webshop\/wp-json\/wp\/v2\/media\/28724"}],"wp:attachment":[{"href":"https:\/\/chilimag.hu\/webshop\/wp-json\/wp\/v2\/media?parent=28224"}],"wp:term":[{"taxonomy":"product_brand","embeddable":true,"href":"https:\/\/chilimag.hu\/webshop\/wp-json\/wp\/v2\/product_brand?post=28224"},{"taxonomy":"product_cat","embeddable":true,"href":"https:\/\/chilimag.hu\/webshop\/wp-json\/wp\/v2\/product_cat?post=28224"},{"taxonomy":"product_tag","embeddable":true,"href":"https:\/\/chilimag.hu\/webshop\/wp-json\/wp\/v2\/product_tag?post=28224"}],"curies":[{"name":"wp","href":"https:\/\/api.w.org\/{rel}","templated":true}]}}