{"id":28222,"date":"2024-01-30T06:48:40","date_gmt":"2024-01-30T06:48:40","guid":{"rendered":"https:\/\/chilimag.hu\/webshop\/?post_type=product&#038;p=28222"},"modified":"2024-03-12T04:58:19","modified_gmt":"2024-03-12T04:58:19","slug":"locsolotomlo-tarto-ontottvas-tg5g","status":"publish","type":"product","link":"https:\/\/chilimag.hu\/webshop\/termek\/locsolotomlo-tarto-ontottvas-tg5g\/","title":{"rendered":"Locsol\u00f3t\u00f6ml\u0151 tart\u00f3 \u00f6nt\u00f6ttvas TG5G"},"content":{"rendered":"","protected":false},"excerpt":{"rendered":"<p>\u00d6nt\u00f6ttvas, falra r\u00f6gz\u00edthet\u0151 locsol\u00f3 mint\u00e1s t\u00f6ml\u0151 tart\u00f3, amely mek\u00f6ny\u00edti a t\u00f6ml\u0151 t\u00e1rol\u00e1s\u00e1t, majd haszn\u00e1lat\u00e1t. Sz\u00edne m\u00e9reg z\u00f6ld.<br \/>\nM\u00e9retei: magass\u00e1ga 19 cm, sz\u00e9less\u00e9ge 26 cm, m\u00e9lys\u00e9ge 16 cm.<\/p>\n","protected":false},"featured_media":28725,"comment_status":"closed","ping_status":"closed","template":"","meta":[],"product_brand":[],"product_cat":[467],"product_tag":[],"class_list":{"0":"post-28222","1":"product","2":"type-product","3":"status-publish","4":"has-post-thumbnail","6":"product_cat-locsolas-viz-es-talaj-vizsgalo-eszkozok","8":"first","9":"instock","10":"taxable","11":"shipping-taxable","12":"purchasable","13":"product-type-simple"},"_links":{"self":[{"href":"https:\/\/chilimag.hu\/webshop\/wp-json\/wp\/v2\/product\/28222","targetHints":{"allow":["GET"]}}],"collection":[{"href":"https:\/\/chilimag.hu\/webshop\/wp-json\/wp\/v2\/product"}],"about":[{"href":"https:\/\/chilimag.hu\/webshop\/wp-json\/wp\/v2\/types\/product"}],"replies":[{"embeddable":true,"href":"https:\/\/chilimag.hu\/webshop\/wp-json\/wp\/v2\/comments?post=28222"}],"wp:featuredmedia":[{"embeddable":true,"href":"https:\/\/chilimag.hu\/webshop\/wp-json\/wp\/v2\/media\/28725"}],"wp:attachment":[{"href":"https:\/\/chilimag.hu\/webshop\/wp-json\/wp\/v2\/media?parent=28222"}],"wp:term":[{"taxonomy":"product_brand","embeddable":true,"href":"https:\/\/chilimag.hu\/webshop\/wp-json\/wp\/v2\/product_brand?post=28222"},{"taxonomy":"product_cat","embeddable":true,"href":"https:\/\/chilimag.hu\/webshop\/wp-json\/wp\/v2\/product_cat?post=28222"},{"taxonomy":"product_tag","embeddable":true,"href":"https:\/\/chilimag.hu\/webshop\/wp-json\/wp\/v2\/product_tag?post=28222"}],"curies":[{"name":"wp","href":"https:\/\/api.w.org\/{rel}","templated":true}]}}