{"id":28195,"date":"2024-01-29T20:25:26","date_gmt":"2024-01-29T20:25:26","guid":{"rendered":"https:\/\/chilimag.hu\/webshop\/?post_type=product&#038;p=28195"},"modified":"2026-03-24T11:50:50","modified_gmt":"2026-03-24T11:50:50","slug":"paradicsom-balkon-bajaja-pannon-rk","status":"publish","type":"product","link":"https:\/\/chilimag.hu\/webshop\/termek\/paradicsom-balkon-bajaja-pannon-rk\/","title":{"rendered":"Paradicsom Balkon Bajaja  Pannon RK"},"content":{"rendered":"","protected":false},"excerpt":{"rendered":"<p>T\u00f6rpe n\u00f6veked\u00e9s\u0171, apr\u00f3 bogy\u00f3j\u00fa, balkonl\u00e1d\u00e1ban is termeszthet\u0151 kokt\u00e9lparadicsom.<\/p>\n<p>A csomag 0,5 gr tartalmaz<\/p>\n","protected":false},"featured_media":28196,"comment_status":"closed","ping_status":"closed","template":"","meta":[],"product_brand":[],"product_cat":[430],"product_tag":[],"class_list":{"0":"post-28195","1":"product","2":"type-product","3":"status-publish","4":"has-post-thumbnail","6":"product_cat-paradicsom-vetomagok-redei-kertimag","8":"first","9":"instock","10":"taxable","11":"shipping-taxable","12":"purchasable","13":"product-type-simple"},"_links":{"self":[{"href":"https:\/\/chilimag.hu\/webshop\/wp-json\/wp\/v2\/product\/28195","targetHints":{"allow":["GET"]}}],"collection":[{"href":"https:\/\/chilimag.hu\/webshop\/wp-json\/wp\/v2\/product"}],"about":[{"href":"https:\/\/chilimag.hu\/webshop\/wp-json\/wp\/v2\/types\/product"}],"replies":[{"embeddable":true,"href":"https:\/\/chilimag.hu\/webshop\/wp-json\/wp\/v2\/comments?post=28195"}],"wp:featuredmedia":[{"embeddable":true,"href":"https:\/\/chilimag.hu\/webshop\/wp-json\/wp\/v2\/media\/28196"}],"wp:attachment":[{"href":"https:\/\/chilimag.hu\/webshop\/wp-json\/wp\/v2\/media?parent=28195"}],"wp:term":[{"taxonomy":"product_brand","embeddable":true,"href":"https:\/\/chilimag.hu\/webshop\/wp-json\/wp\/v2\/product_brand?post=28195"},{"taxonomy":"product_cat","embeddable":true,"href":"https:\/\/chilimag.hu\/webshop\/wp-json\/wp\/v2\/product_cat?post=28195"},{"taxonomy":"product_tag","embeddable":true,"href":"https:\/\/chilimag.hu\/webshop\/wp-json\/wp\/v2\/product_tag?post=28195"}],"curies":[{"name":"wp","href":"https:\/\/api.w.org\/{rel}","templated":true}]}}